{"id":557,"date":"2020-04-12T07:00:41","date_gmt":"2020-04-12T07:00:41","guid":{"rendered":"http:\/\/www.ribiska-druzina-zelezniki.si\/wp\/?page_id=557"},"modified":"2023-05-17T16:31:48","modified_gmt":"2023-05-17T16:31:48","slug":"novice","status":"publish","type":"page","link":"https:\/\/www.ribiska-druzina-zelezniki.si\/wp\/?page_id=557","title":{"rendered":"Novice"},"content":{"rendered":"\n<p>Aktualne novice<\/p>\n\n\n<ul class=\"wp-block-latest-posts__list has-dates wp-block-latest-posts\"><li><a class=\"wp-block-latest-posts__post-title\" href=\"https:\/\/www.ribiska-druzina-zelezniki.si\/wp\/?p=896\">Predstavitev zadr\u017eevalnika pod Su\u0161o ob\u010danom<\/a><time datetime=\"2026-04-09T17:35:39+00:00\" class=\"wp-block-latest-posts__post-date\">9 aprila, 2026<\/time><\/li>\n<li><a class=\"wp-block-latest-posts__post-title\" href=\"https:\/\/www.ribiska-druzina-zelezniki.si\/wp\/?p=893\">Najemniki v ribi\u0161kem domu \u017delezniki<\/a><time datetime=\"2026-04-09T17:15:20+00:00\" class=\"wp-block-latest-posts__post-date\">9 aprila, 2026<\/time><\/li>\n<li><a class=\"wp-block-latest-posts__post-title\" href=\"https:\/\/www.ribiska-druzina-zelezniki.si\/wp\/?p=878\">Pokritje vzrejnih bazenov<\/a><time datetime=\"2025-11-03T16:25:12+00:00\" class=\"wp-block-latest-posts__post-date\">3 novembra, 2025<\/time><\/li>\n<li><a class=\"wp-block-latest-posts__post-title\" href=\"https:\/\/www.ribiska-druzina-zelezniki.si\/wp\/?p=807\">Sklep zaradi ve\u010dletnih posegov v na\u0161e vodotoke<\/a><time datetime=\"2023-09-09T11:47:10+00:00\" class=\"wp-block-latest-posts__post-date\">9 septembra, 2023<\/time><\/li>\n<li><a class=\"wp-block-latest-posts__post-title\" href=\"https:\/\/www.ribiska-druzina-zelezniki.si\/wp\/?p=800\">Protipoplavna ureditev skozi \u017deleznike<\/a><time datetime=\"2023-09-09T11:34:15+00:00\" class=\"wp-block-latest-posts__post-date\">9 septembra, 2023<\/time><\/li>\n<\/ul>","protected":false},"excerpt":{"rendered":"<p>Aktualne novice<\/p>\n","protected":false},"author":1,"featured_media":0,"parent":0,"menu_order":0,"comment_status":"closed","ping_status":"closed","template":"","meta":{"protect_children":false,"ngg_post_thumbnail":0,"footnotes":""},"class_list":["post-557","page","type-page","status-publish","hentry"],"yoast_head":"<!-- This site is optimized with the Yoast SEO plugin v27.5 - https:\/\/yoast.com\/product\/yoast-seo-wordpress\/ -->\n<title>Novice - Ribi&scaron;ka dru\u017eina \u017delezniki<\/title>\n<meta name=\"robots\" content=\"index, follow, max-snippet:-1, max-image-preview:large, max-video-preview:-1\" \/>\n<link rel=\"canonical\" href=\"https:\/\/www.ribiska-druzina-zelezniki.si\/wp\/?page_id=557\" \/>\n<meta property=\"og:locale\" content=\"sl_SI\" \/>\n<meta property=\"og:type\" content=\"article\" \/>\n<meta property=\"og:title\" content=\"Novice - Ribi&scaron;ka dru\u017eina \u017delezniki\" \/>\n<meta property=\"og:description\" content=\"Aktualne novice\" \/>\n<meta property=\"og:url\" content=\"https:\/\/www.ribiska-druzina-zelezniki.si\/wp\/?page_id=557\" \/>\n<meta property=\"og:site_name\" content=\"Ribi&scaron;ka dru\u017eina \u017delezniki\" \/>\n<meta property=\"article:modified_time\" content=\"2023-05-17T16:31:48+00:00\" \/>\n<meta name=\"twitter:card\" content=\"summary_large_image\" \/>\n<meta name=\"twitter:label1\" content=\"Est. reading time\" \/>\n\t<meta name=\"twitter:data1\" content=\"1 minuta\" \/>\n<script type=\"application\/ld+json\" class=\"yoast-schema-graph\">{\"@context\":\"https:\\\/\\\/schema.org\",\"@graph\":[{\"@type\":\"WebPage\",\"@id\":\"https:\\\/\\\/www.ribiska-druzina-zelezniki.si\\\/wp\\\/?page_id=557\",\"url\":\"https:\\\/\\\/www.ribiska-druzina-zelezniki.si\\\/wp\\\/?page_id=557\",\"name\":\"Novice - Ribi&scaron;ka dru\u017eina \u017delezniki\",\"isPartOf\":{\"@id\":\"https:\\\/\\\/www.ribiska-druzina-zelezniki.si\\\/wp\\\/#website\"},\"datePublished\":\"2020-04-12T07:00:41+00:00\",\"dateModified\":\"2023-05-17T16:31:48+00:00\",\"breadcrumb\":{\"@id\":\"https:\\\/\\\/www.ribiska-druzina-zelezniki.si\\\/wp\\\/?page_id=557#breadcrumb\"},\"inLanguage\":\"sl-SI\",\"potentialAction\":[{\"@type\":\"ReadAction\",\"target\":[\"https:\\\/\\\/www.ribiska-druzina-zelezniki.si\\\/wp\\\/?page_id=557\"]}]},{\"@type\":\"BreadcrumbList\",\"@id\":\"https:\\\/\\\/www.ribiska-druzina-zelezniki.si\\\/wp\\\/?page_id=557#breadcrumb\",\"itemListElement\":[{\"@type\":\"ListItem\",\"position\":1,\"name\":\"Home\",\"item\":\"https:\\\/\\\/www.ribiska-druzina-zelezniki.si\\\/wp\\\/\"},{\"@type\":\"ListItem\",\"position\":2,\"name\":\"Novice\"}]},{\"@type\":\"WebSite\",\"@id\":\"https:\\\/\\\/www.ribiska-druzina-zelezniki.si\\\/wp\\\/#website\",\"url\":\"https:\\\/\\\/www.ribiska-druzina-zelezniki.si\\\/wp\\\/\",\"name\":\"Ribi\u0161ka dru\u017eina \u017delezniki\",\"description\":\"Ribi&scaron;ka dru\u017eina \u017delezniki\",\"publisher\":{\"@id\":\"https:\\\/\\\/www.ribiska-druzina-zelezniki.si\\\/wp\\\/#organization\"},\"potentialAction\":[{\"@type\":\"SearchAction\",\"target\":{\"@type\":\"EntryPoint\",\"urlTemplate\":\"https:\\\/\\\/www.ribiska-druzina-zelezniki.si\\\/wp\\\/?s={search_term_string}\"},\"query-input\":{\"@type\":\"PropertyValueSpecification\",\"valueRequired\":true,\"valueName\":\"search_term_string\"}}],\"inLanguage\":\"sl-SI\"},{\"@type\":\"Organization\",\"@id\":\"https:\\\/\\\/www.ribiska-druzina-zelezniki.si\\\/wp\\\/#organization\",\"name\":\"Ribi\u0161ka dru\u017eina \u017delezniki\",\"url\":\"https:\\\/\\\/www.ribiska-druzina-zelezniki.si\\\/wp\\\/\",\"logo\":{\"@type\":\"ImageObject\",\"inLanguage\":\"sl-SI\",\"@id\":\"https:\\\/\\\/www.ribiska-druzina-zelezniki.si\\\/wp\\\/#\\\/schema\\\/logo\\\/image\\\/\",\"url\":\"https:\\\/\\\/www.ribiska-druzina-zelezniki.si\\\/wp\\\/wp-content\\\/uploads\\\/2020\\\/04\\\/Logo_RD_50.jpg\",\"contentUrl\":\"https:\\\/\\\/www.ribiska-druzina-zelezniki.si\\\/wp\\\/wp-content\\\/uploads\\\/2020\\\/04\\\/Logo_RD_50.jpg\",\"width\":50,\"height\":50,\"caption\":\"Ribi\u0161ka dru\u017eina \u017delezniki\"},\"image\":{\"@id\":\"https:\\\/\\\/www.ribiska-druzina-zelezniki.si\\\/wp\\\/#\\\/schema\\\/logo\\\/image\\\/\"}}]}<\/script>\n<!-- \/ Yoast SEO plugin. -->","yoast_head_json":{"title":"Novice - Ribi&scaron;ka dru\u017eina \u017delezniki","robots":{"index":"index","follow":"follow","max-snippet":"max-snippet:-1","max-image-preview":"max-image-preview:large","max-video-preview":"max-video-preview:-1"},"canonical":"https:\/\/www.ribiska-druzina-zelezniki.si\/wp\/?page_id=557","og_locale":"sl_SI","og_type":"article","og_title":"Novice - Ribi&scaron;ka dru\u017eina \u017delezniki","og_description":"Aktualne novice","og_url":"https:\/\/www.ribiska-druzina-zelezniki.si\/wp\/?page_id=557","og_site_name":"Ribi&scaron;ka dru\u017eina \u017delezniki","article_modified_time":"2023-05-17T16:31:48+00:00","twitter_card":"summary_large_image","twitter_misc":{"Est. reading time":"1 minuta"},"schema":{"@context":"https:\/\/schema.org","@graph":[{"@type":"WebPage","@id":"https:\/\/www.ribiska-druzina-zelezniki.si\/wp\/?page_id=557","url":"https:\/\/www.ribiska-druzina-zelezniki.si\/wp\/?page_id=557","name":"Novice - Ribi&scaron;ka dru\u017eina \u017delezniki","isPartOf":{"@id":"https:\/\/www.ribiska-druzina-zelezniki.si\/wp\/#website"},"datePublished":"2020-04-12T07:00:41+00:00","dateModified":"2023-05-17T16:31:48+00:00","breadcrumb":{"@id":"https:\/\/www.ribiska-druzina-zelezniki.si\/wp\/?page_id=557#breadcrumb"},"inLanguage":"sl-SI","potentialAction":[{"@type":"ReadAction","target":["https:\/\/www.ribiska-druzina-zelezniki.si\/wp\/?page_id=557"]}]},{"@type":"BreadcrumbList","@id":"https:\/\/www.ribiska-druzina-zelezniki.si\/wp\/?page_id=557#breadcrumb","itemListElement":[{"@type":"ListItem","position":1,"name":"Home","item":"https:\/\/www.ribiska-druzina-zelezniki.si\/wp\/"},{"@type":"ListItem","position":2,"name":"Novice"}]},{"@type":"WebSite","@id":"https:\/\/www.ribiska-druzina-zelezniki.si\/wp\/#website","url":"https:\/\/www.ribiska-druzina-zelezniki.si\/wp\/","name":"Ribi\u0161ka dru\u017eina \u017delezniki","description":"Ribi&scaron;ka dru\u017eina \u017delezniki","publisher":{"@id":"https:\/\/www.ribiska-druzina-zelezniki.si\/wp\/#organization"},"potentialAction":[{"@type":"SearchAction","target":{"@type":"EntryPoint","urlTemplate":"https:\/\/www.ribiska-druzina-zelezniki.si\/wp\/?s={search_term_string}"},"query-input":{"@type":"PropertyValueSpecification","valueRequired":true,"valueName":"search_term_string"}}],"inLanguage":"sl-SI"},{"@type":"Organization","@id":"https:\/\/www.ribiska-druzina-zelezniki.si\/wp\/#organization","name":"Ribi\u0161ka dru\u017eina \u017delezniki","url":"https:\/\/www.ribiska-druzina-zelezniki.si\/wp\/","logo":{"@type":"ImageObject","inLanguage":"sl-SI","@id":"https:\/\/www.ribiska-druzina-zelezniki.si\/wp\/#\/schema\/logo\/image\/","url":"https:\/\/www.ribiska-druzina-zelezniki.si\/wp\/wp-content\/uploads\/2020\/04\/Logo_RD_50.jpg","contentUrl":"https:\/\/www.ribiska-druzina-zelezniki.si\/wp\/wp-content\/uploads\/2020\/04\/Logo_RD_50.jpg","width":50,"height":50,"caption":"Ribi\u0161ka dru\u017eina \u017delezniki"},"image":{"@id":"https:\/\/www.ribiska-druzina-zelezniki.si\/wp\/#\/schema\/logo\/image\/"}}]}},"_links":{"self":[{"href":"https:\/\/www.ribiska-druzina-zelezniki.si\/wp\/index.php?rest_route=\/wp\/v2\/pages\/557","targetHints":{"allow":["GET"]}}],"collection":[{"href":"https:\/\/www.ribiska-druzina-zelezniki.si\/wp\/index.php?rest_route=\/wp\/v2\/pages"}],"about":[{"href":"https:\/\/www.ribiska-druzina-zelezniki.si\/wp\/index.php?rest_route=\/wp\/v2\/types\/page"}],"author":[{"embeddable":true,"href":"https:\/\/www.ribiska-druzina-zelezniki.si\/wp\/index.php?rest_route=\/wp\/v2\/users\/1"}],"replies":[{"embeddable":true,"href":"https:\/\/www.ribiska-druzina-zelezniki.si\/wp\/index.php?rest_route=%2Fwp%2Fv2%2Fcomments&post=557"}],"version-history":[{"count":9,"href":"https:\/\/www.ribiska-druzina-zelezniki.si\/wp\/index.php?rest_route=\/wp\/v2\/pages\/557\/revisions"}],"predecessor-version":[{"id":799,"href":"https:\/\/www.ribiska-druzina-zelezniki.si\/wp\/index.php?rest_route=\/wp\/v2\/pages\/557\/revisions\/799"}],"wp:attachment":[{"href":"https:\/\/www.ribiska-druzina-zelezniki.si\/wp\/index.php?rest_route=%2Fwp%2Fv2%2Fmedia&parent=557"}],"curies":[{"name":"wp","href":"https:\/\/api.w.org\/{rel}","templated":true}]}}