{"id":29,"date":"2020-04-04T06:57:30","date_gmt":"2020-04-04T06:57:30","guid":{"rendered":"http:\/\/www.ribiska-druzina-zelezniki.si\/wp\/?page_id=29"},"modified":"2025-07-16T17:51:30","modified_gmt":"2025-07-16T17:51:30","slug":"ribolovne-karte-in-rezim","status":"publish","type":"page","link":"https:\/\/www.ribiska-druzina-zelezniki.si\/wp\/?page_id=29","title":{"rendered":"Ribolovne karte in re\u017eim"},"content":{"rendered":"\n<p style=\"font-size:24px\"><strong>PRODAJA DNEVNIH RIBOLOVNIH DOVOLILNIC<\/strong><\/p>\n\n\n\n<figure class=\"wp-block-table\"><table><tbody><tr><td><strong>Ribi\u0161ka dru\u017eina \u017delezniki<\/strong><\/td><td>040 277 479 <br>051 344 141<\/td><td>Ferdinand \u0160mid <br>Vojko \u0160mid<\/td><td>Po predhodnem dogovoru<\/td><\/tr><tr><td><\/td><td><\/td><td><\/td><td><\/td><\/tr><tr><td><\/td><td><\/td><td>&nbsp; <\/td><td><\/td><\/tr><\/tbody><\/table><\/figure>\n\n\n\n<p>Nakup preko spleta <a href=\"http:\/\/www.ribiskekarte.si\" target=\"_blank\" rel=\"noreferrer noopener\">www.ribiskekarte.si<\/a>.<\/p>\n\n\n\n<p style=\"font-size:24px\"><strong>LETNA REPREZENTAN\u010cNA KARTA \u2013 IZMENJAVA<\/strong><\/p>\n\n\n\n<p>RIBOLOVNI RE\u017dIM ZA LETO 2025<\/p>\n\n\n\n<p>Reprezentan\u010dne karte \u2013 lov samo v Sel\u0161ki Sori 3 (revirB)<\/p>\n\n\n\n<p>Lovna sezona se pri\u010dne s 01. aprilom in kon\u010da z 31. oktobrom. Na razpolago imate 20 lovnih dni. Revir sega od Konjskega Broda, (meja RD \u0160kofja Loka), do jezu pod Zavrnikom v Selcih.<\/p>\n\n\n\n<p>PRAVILA RIBOLOVA<\/p>\n\n\n\n<ul class=\"wp-block-list\">\n<li>Dovoljen ulov: UJEMI \u2013 SPUSTI.<\/li>\n\n\n\n<li>Pri ribolovu (muharjenje) je dovoljena vaba umetna muha brez zalusti (globug ni dovoljen).<\/li>\n\n\n\n<li>V primeru, da na isti dan lovi ve\u010d ribi\u010dev (najve\u010d dva), se vpi\u0161e ustrezno \u0161tevilo datumov, pred datum pa z veliko \u010drko G ozna\u010dimo, da smo imeli gosta.<\/li>\n\n\n\n<li>Vsi pritoki Sel\u0161ke Sore so v celoti gojitvene vode, ribolov v njih je prepovedan.<\/li>\n\n\n\n<li>Lovni dan je potrebno vpisati pred pri\u010detkom ribolova.<\/li>\n<\/ul>\n\n\n\n<p>Vsi ostali na\u010dini ribolova in neomenjene vabe, so prepovedani!<\/p>\n\n\n\n<p>OBVEZNA OPREMA<\/p>\n\n\n\n<p>Pribor za odpenjanje trnka , podmetalka se priporo\u010da.<\/p>\n\n\n\n<p>Letno ribolovno dovolilnico je potrebno vrniti do vklju\u010dno 15.11.2025.<br>Letno ribolovno dovolilnico in ribi\u0161ko opremo s priborom morate v primeru kontrole pokazati ribi\u0161kemu \u010duvaju, kateri vam kontrolo vpi\u0161e v ribolovno dovolilnico.<\/p>\n","protected":false},"excerpt":{"rendered":"<p>PRODAJA DNEVNIH RIBOLOVNIH DOVOLILNIC Ribi\u0161ka dru\u017eina \u017delezniki 040 277 479 051 344 141 Ferdinand \u0160mid Vojko \u0160mid Po predhodnem dogovoru &nbsp; Nakup preko spleta www.ribiskekarte.si. LETNA REPREZENTAN\u010cNA KARTA \u2013 IZMENJAVA RIBOLOVNI RE\u017dIM ZA LETO 2025 Reprezentan\u010dne karte \u2013 lov samo v Sel\u0161ki Sori 3 (revirB) Lovna sezona se pri\u010dne s 01. aprilom in kon\u010da z [&hellip;]<\/p>\n","protected":false},"author":1,"featured_media":0,"parent":22,"menu_order":0,"comment_status":"closed","ping_status":"closed","template":"","meta":{"protect_children":false,"ngg_post_thumbnail":0,"footnotes":""},"class_list":["post-29","page","type-page","status-publish","hentry"],"yoast_head":"<!-- This site is optimized with the Yoast SEO plugin v27.5 - https:\/\/yoast.com\/product\/yoast-seo-wordpress\/ -->\n<title>Ribolovne karte in re\u017eim - Ribi&scaron;ka dru\u017eina \u017delezniki<\/title>\n<meta name=\"robots\" content=\"index, follow, max-snippet:-1, max-image-preview:large, max-video-preview:-1\" \/>\n<link rel=\"canonical\" href=\"https:\/\/www.ribiska-druzina-zelezniki.si\/wp\/?page_id=29\" \/>\n<meta property=\"og:locale\" content=\"sl_SI\" \/>\n<meta property=\"og:type\" content=\"article\" \/>\n<meta property=\"og:title\" content=\"Ribolovne karte in re\u017eim - Ribi&scaron;ka dru\u017eina \u017delezniki\" \/>\n<meta property=\"og:description\" content=\"PRODAJA DNEVNIH RIBOLOVNIH DOVOLILNIC Ribi\u0161ka dru\u017eina \u017delezniki 040 277 479 051 344 141 Ferdinand \u0160mid Vojko \u0160mid Po predhodnem dogovoru &nbsp; Nakup preko spleta www.ribiskekarte.si. LETNA REPREZENTAN\u010cNA KARTA \u2013 IZMENJAVA RIBOLOVNI RE\u017dIM ZA LETO 2025 Reprezentan\u010dne karte \u2013 lov samo v Sel\u0161ki Sori 3 (revirB) Lovna sezona se pri\u010dne s 01. aprilom in kon\u010da z [&hellip;]\" \/>\n<meta property=\"og:url\" content=\"https:\/\/www.ribiska-druzina-zelezniki.si\/wp\/?page_id=29\" \/>\n<meta property=\"og:site_name\" content=\"Ribi&scaron;ka dru\u017eina \u017delezniki\" \/>\n<meta property=\"article:modified_time\" content=\"2025-07-16T17:51:30+00:00\" \/>\n<meta name=\"twitter:card\" content=\"summary_large_image\" \/>\n<meta name=\"twitter:label1\" content=\"Est. reading time\" \/>\n\t<meta name=\"twitter:data1\" content=\"2 minuti\" \/>\n<script type=\"application\/ld+json\" class=\"yoast-schema-graph\">{\"@context\":\"https:\\\/\\\/schema.org\",\"@graph\":[{\"@type\":\"WebPage\",\"@id\":\"https:\\\/\\\/www.ribiska-druzina-zelezniki.si\\\/wp\\\/?page_id=29\",\"url\":\"https:\\\/\\\/www.ribiska-druzina-zelezniki.si\\\/wp\\\/?page_id=29\",\"name\":\"Ribolovne karte in re\u017eim - Ribi&scaron;ka dru\u017eina \u017delezniki\",\"isPartOf\":{\"@id\":\"https:\\\/\\\/www.ribiska-druzina-zelezniki.si\\\/wp\\\/#website\"},\"datePublished\":\"2020-04-04T06:57:30+00:00\",\"dateModified\":\"2025-07-16T17:51:30+00:00\",\"breadcrumb\":{\"@id\":\"https:\\\/\\\/www.ribiska-druzina-zelezniki.si\\\/wp\\\/?page_id=29#breadcrumb\"},\"inLanguage\":\"sl-SI\",\"potentialAction\":[{\"@type\":\"ReadAction\",\"target\":[\"https:\\\/\\\/www.ribiska-druzina-zelezniki.si\\\/wp\\\/?page_id=29\"]}]},{\"@type\":\"BreadcrumbList\",\"@id\":\"https:\\\/\\\/www.ribiska-druzina-zelezniki.si\\\/wp\\\/?page_id=29#breadcrumb\",\"itemListElement\":[{\"@type\":\"ListItem\",\"position\":1,\"name\":\"Home\",\"item\":\"https:\\\/\\\/www.ribiska-druzina-zelezniki.si\\\/wp\\\/\"},{\"@type\":\"ListItem\",\"position\":2,\"name\":\"Ribolov\",\"item\":\"https:\\\/\\\/www.ribiska-druzina-zelezniki.si\\\/wp\\\/?page_id=22\"},{\"@type\":\"ListItem\",\"position\":3,\"name\":\"Ribolovne karte in re\u017eim\"}]},{\"@type\":\"WebSite\",\"@id\":\"https:\\\/\\\/www.ribiska-druzina-zelezniki.si\\\/wp\\\/#website\",\"url\":\"https:\\\/\\\/www.ribiska-druzina-zelezniki.si\\\/wp\\\/\",\"name\":\"Ribi\u0161ka dru\u017eina \u017delezniki\",\"description\":\"Ribi&scaron;ka dru\u017eina \u017delezniki\",\"publisher\":{\"@id\":\"https:\\\/\\\/www.ribiska-druzina-zelezniki.si\\\/wp\\\/#organization\"},\"potentialAction\":[{\"@type\":\"SearchAction\",\"target\":{\"@type\":\"EntryPoint\",\"urlTemplate\":\"https:\\\/\\\/www.ribiska-druzina-zelezniki.si\\\/wp\\\/?s={search_term_string}\"},\"query-input\":{\"@type\":\"PropertyValueSpecification\",\"valueRequired\":true,\"valueName\":\"search_term_string\"}}],\"inLanguage\":\"sl-SI\"},{\"@type\":\"Organization\",\"@id\":\"https:\\\/\\\/www.ribiska-druzina-zelezniki.si\\\/wp\\\/#organization\",\"name\":\"Ribi\u0161ka dru\u017eina \u017delezniki\",\"url\":\"https:\\\/\\\/www.ribiska-druzina-zelezniki.si\\\/wp\\\/\",\"logo\":{\"@type\":\"ImageObject\",\"inLanguage\":\"sl-SI\",\"@id\":\"https:\\\/\\\/www.ribiska-druzina-zelezniki.si\\\/wp\\\/#\\\/schema\\\/logo\\\/image\\\/\",\"url\":\"https:\\\/\\\/www.ribiska-druzina-zelezniki.si\\\/wp\\\/wp-content\\\/uploads\\\/2020\\\/04\\\/Logo_RD_50.jpg\",\"contentUrl\":\"https:\\\/\\\/www.ribiska-druzina-zelezniki.si\\\/wp\\\/wp-content\\\/uploads\\\/2020\\\/04\\\/Logo_RD_50.jpg\",\"width\":50,\"height\":50,\"caption\":\"Ribi\u0161ka dru\u017eina \u017delezniki\"},\"image\":{\"@id\":\"https:\\\/\\\/www.ribiska-druzina-zelezniki.si\\\/wp\\\/#\\\/schema\\\/logo\\\/image\\\/\"}}]}<\/script>\n<!-- \/ Yoast SEO plugin. -->","yoast_head_json":{"title":"Ribolovne karte in re\u017eim - Ribi&scaron;ka dru\u017eina \u017delezniki","robots":{"index":"index","follow":"follow","max-snippet":"max-snippet:-1","max-image-preview":"max-image-preview:large","max-video-preview":"max-video-preview:-1"},"canonical":"https:\/\/www.ribiska-druzina-zelezniki.si\/wp\/?page_id=29","og_locale":"sl_SI","og_type":"article","og_title":"Ribolovne karte in re\u017eim - Ribi&scaron;ka dru\u017eina \u017delezniki","og_description":"PRODAJA DNEVNIH RIBOLOVNIH DOVOLILNIC Ribi\u0161ka dru\u017eina \u017delezniki 040 277 479 051 344 141 Ferdinand \u0160mid Vojko \u0160mid Po predhodnem dogovoru &nbsp; Nakup preko spleta www.ribiskekarte.si. LETNA REPREZENTAN\u010cNA KARTA \u2013 IZMENJAVA RIBOLOVNI RE\u017dIM ZA LETO 2025 Reprezentan\u010dne karte \u2013 lov samo v Sel\u0161ki Sori 3 (revirB) Lovna sezona se pri\u010dne s 01. aprilom in kon\u010da z [&hellip;]","og_url":"https:\/\/www.ribiska-druzina-zelezniki.si\/wp\/?page_id=29","og_site_name":"Ribi&scaron;ka dru\u017eina \u017delezniki","article_modified_time":"2025-07-16T17:51:30+00:00","twitter_card":"summary_large_image","twitter_misc":{"Est. reading time":"2 minuti"},"schema":{"@context":"https:\/\/schema.org","@graph":[{"@type":"WebPage","@id":"https:\/\/www.ribiska-druzina-zelezniki.si\/wp\/?page_id=29","url":"https:\/\/www.ribiska-druzina-zelezniki.si\/wp\/?page_id=29","name":"Ribolovne karte in re\u017eim - Ribi&scaron;ka dru\u017eina \u017delezniki","isPartOf":{"@id":"https:\/\/www.ribiska-druzina-zelezniki.si\/wp\/#website"},"datePublished":"2020-04-04T06:57:30+00:00","dateModified":"2025-07-16T17:51:30+00:00","breadcrumb":{"@id":"https:\/\/www.ribiska-druzina-zelezniki.si\/wp\/?page_id=29#breadcrumb"},"inLanguage":"sl-SI","potentialAction":[{"@type":"ReadAction","target":["https:\/\/www.ribiska-druzina-zelezniki.si\/wp\/?page_id=29"]}]},{"@type":"BreadcrumbList","@id":"https:\/\/www.ribiska-druzina-zelezniki.si\/wp\/?page_id=29#breadcrumb","itemListElement":[{"@type":"ListItem","position":1,"name":"Home","item":"https:\/\/www.ribiska-druzina-zelezniki.si\/wp\/"},{"@type":"ListItem","position":2,"name":"Ribolov","item":"https:\/\/www.ribiska-druzina-zelezniki.si\/wp\/?page_id=22"},{"@type":"ListItem","position":3,"name":"Ribolovne karte in re\u017eim"}]},{"@type":"WebSite","@id":"https:\/\/www.ribiska-druzina-zelezniki.si\/wp\/#website","url":"https:\/\/www.ribiska-druzina-zelezniki.si\/wp\/","name":"Ribi\u0161ka dru\u017eina \u017delezniki","description":"Ribi&scaron;ka dru\u017eina \u017delezniki","publisher":{"@id":"https:\/\/www.ribiska-druzina-zelezniki.si\/wp\/#organization"},"potentialAction":[{"@type":"SearchAction","target":{"@type":"EntryPoint","urlTemplate":"https:\/\/www.ribiska-druzina-zelezniki.si\/wp\/?s={search_term_string}"},"query-input":{"@type":"PropertyValueSpecification","valueRequired":true,"valueName":"search_term_string"}}],"inLanguage":"sl-SI"},{"@type":"Organization","@id":"https:\/\/www.ribiska-druzina-zelezniki.si\/wp\/#organization","name":"Ribi\u0161ka dru\u017eina \u017delezniki","url":"https:\/\/www.ribiska-druzina-zelezniki.si\/wp\/","logo":{"@type":"ImageObject","inLanguage":"sl-SI","@id":"https:\/\/www.ribiska-druzina-zelezniki.si\/wp\/#\/schema\/logo\/image\/","url":"https:\/\/www.ribiska-druzina-zelezniki.si\/wp\/wp-content\/uploads\/2020\/04\/Logo_RD_50.jpg","contentUrl":"https:\/\/www.ribiska-druzina-zelezniki.si\/wp\/wp-content\/uploads\/2020\/04\/Logo_RD_50.jpg","width":50,"height":50,"caption":"Ribi\u0161ka dru\u017eina \u017delezniki"},"image":{"@id":"https:\/\/www.ribiska-druzina-zelezniki.si\/wp\/#\/schema\/logo\/image\/"}}]}},"_links":{"self":[{"href":"https:\/\/www.ribiska-druzina-zelezniki.si\/wp\/index.php?rest_route=\/wp\/v2\/pages\/29","targetHints":{"allow":["GET"]}}],"collection":[{"href":"https:\/\/www.ribiska-druzina-zelezniki.si\/wp\/index.php?rest_route=\/wp\/v2\/pages"}],"about":[{"href":"https:\/\/www.ribiska-druzina-zelezniki.si\/wp\/index.php?rest_route=\/wp\/v2\/types\/page"}],"author":[{"embeddable":true,"href":"https:\/\/www.ribiska-druzina-zelezniki.si\/wp\/index.php?rest_route=\/wp\/v2\/users\/1"}],"replies":[{"embeddable":true,"href":"https:\/\/www.ribiska-druzina-zelezniki.si\/wp\/index.php?rest_route=%2Fwp%2Fv2%2Fcomments&post=29"}],"version-history":[{"count":8,"href":"https:\/\/www.ribiska-druzina-zelezniki.si\/wp\/index.php?rest_route=\/wp\/v2\/pages\/29\/revisions"}],"predecessor-version":[{"id":871,"href":"https:\/\/www.ribiska-druzina-zelezniki.si\/wp\/index.php?rest_route=\/wp\/v2\/pages\/29\/revisions\/871"}],"up":[{"embeddable":true,"href":"https:\/\/www.ribiska-druzina-zelezniki.si\/wp\/index.php?rest_route=\/wp\/v2\/pages\/22"}],"wp:attachment":[{"href":"https:\/\/www.ribiska-druzina-zelezniki.si\/wp\/index.php?rest_route=%2Fwp%2Fv2%2Fmedia&parent=29"}],"curies":[{"name":"wp","href":"https:\/\/api.w.org\/{rel}","templated":true}]}}