{"id":28,"date":"2020-04-04T06:57:30","date_gmt":"2020-04-04T06:57:30","guid":{"rendered":"http:\/\/www.ribiska-druzina-zelezniki.si\/wp\/?page_id=28"},"modified":"2025-08-20T16:21:03","modified_gmt":"2025-08-20T16:21:03","slug":"pridruzi-se-nam","status":"publish","type":"page","link":"https:\/\/www.ribiska-druzina-zelezniki.si\/wp\/?page_id=28","title":{"rendered":"Pridru\u017ei se nam"},"content":{"rendered":"\n<p>\u010clan Ribi\u0161ke dru\u017eine \u017delezniki lahko postane vsaka polnoletna oseba. \u010clanstvo v dru\u017eini je prostovoljno. Kdor \u017eeli postati na\u0161 \u010dlan, mora RD predlo\u017eiti izpolnjeno vlogo za sprejem v \u010dlanstvo z izjavo, s katero izra\u017ea \u017eeljo postati \u010dlan dru\u017eine in se zave\u017ee spo\u0161tovati vse akte dru\u017eine.<br>Vsak \u010dlan mora redno pla\u010devati \u010dlanarino in izvajati naloge, ki jih dolo\u010da dru\u017eina z letnimi programi dela. Dru\u017eina ima redne in pridru\u017eene \u010dlane.<\/p>\n\n\n\n<p>Namen ribi\u0161ke dru\u017eine je spodbujanje k poglobljenemu poznavanju ribi\u0161tva, varstva in gojitve rib, odgovoren odnos do ribi\u0161kih okoli\u0161ev, do varovanja voda ter vodnih in obvodnih sistemov.<\/p>\n\n\n\n<p>\u010clan na\u0161e dru\u017eine je lahko tudi mladi ribi\u010d po dopolnjenem 10. letu starosti.<\/p>\n\n\n\n<p><a href=\"http:\/\/www.ribiska-druzina-zelezniki.si\/wp\/wp-content\/uploads\/2020\/04\/Vloga_Ribiska.pdf\"> Vlogo za sprejem v RD \u017delezniki dobi\u0161 tukaj!<\/a><\/p>\n\n\n\n<p>Izpolnjeno vlogo skupaj s sliko po\u0161lji na naslov:<br>Ribi\u0161ka dru\u017eina \u017delezniki,<br>Rudno 1a,<br>4228 \u017delezniki,<br>ali na elektronski naslov: ribiska.druzina.zelezniki@gmail.com, <\/p>\n\n\n\n<p><strong>Letna \u010dlanarina za ribi\u010de je 100,00\u20ac, za mlade ribi\u010de pa 20,00\u20ac.<\/strong><\/p>\n\n\n\n<p><strong> Glede na pogoste posege v na\u0161e vodotoke<\/strong> <strong>zaradi urejanja protipoplavne za\u0161\u010dite, smo se od leta 2020 odlo\u010dili, da letno \u010dlanarino za ribi\u010de za\u010dasno zmanj\u0161amo na 50,00\u20ac, za mlade ribi\u010de pa na 10,00<strong>\u20ac<\/strong><\/strong>.<\/p>\n\n\n\n<p><strong>Delovne obveznosti ribi\u010dev:<\/strong><\/p>\n\n\n\n<p>\u2022 Novi \u010dlani prvi dve leti morajo opraviti po 30 ur dela, naslednjih 8 let pa po 20 ur.<br>\u2022 \u010clani RD \u017delezniki nad 10 let \u010dlanstva so dol\u017eni opraviti letno 10 ur dela.<br>\u2022 Mladi ribi\u010di od dopolnjenega 10. do 18. leta starosti so dol\u017eni opraviti letno 10 ur dela. Po opravljenem izpitu za \u0161portnega ribi\u010da pa \u0161e 10 let po 20 ur dela, kasneje pa po 10 ur.<\/p>\n\n\n\n<p>\u2022 Ob v\u010dlanitvi v RD \u017delezniki se polnoletnemu \u010dlanu, ki \u0161e ni opravil ribi\u0161kega izpita dodeli status ribi\u0161kega pripravnika, ki mora opraviti ribi\u0161ki izpit. &nbsp;Ribi\u0161ki izpit pla\u010da \u010dlan. Pogoje o usposabljanju in opravljanju ribi\u0161kega izpita dolo\u010da <a href=\"https:\/\/ribiska-zveza.si\/downloads\/pravilnik_rzs_o__aEgNE.pdf\">Pravilnik<\/a>.<br>\u2022 \u010clani, starej\u0161i od 65 let, so opro\u0161\u010deni delovnih obveznosti.<\/p>\n\n\n\n<p><\/p>\n\n\n\n<p><strong>Ribolov:<\/strong><br>\u2022 \u010clan z opravljenim ribi\u0161kim izpitom ima na razpolago 20 ribolovnih dovolilnic na sezono. Od tega jih v A revirju lahko koristi najve\u010d 10.<br>\u2022 Pripravnik dobi 10 ribolovnih dovolilnic na sezono. Od tega jih v A revirju lahko koristi najve\u010d 5. Lovi lahko samo v spremstvu mentorja.<br>\u2022 Mladi ribi\u010d dobi 10 ribolovnih dovolilnic na sezono. Od tega jih v A revirju lahko koristi najve\u010d 5. Lovi lahko samo v spremstvu mentorja.<\/p>\n\n\n\n<p>Na ribolovni dan lahko vzame\u0161 eno poto\u010dnico in dve \u0161arenki ali enega lipana in dve \u0161arenki ali tri \u0161arenke.<\/p>\n\n\n\n<p><\/p>\n","protected":false},"excerpt":{"rendered":"<p>\u010clan Ribi\u0161ke dru\u017eine \u017delezniki lahko postane vsaka polnoletna oseba. \u010clanstvo v dru\u017eini je prostovoljno. Kdor \u017eeli postati na\u0161 \u010dlan, mora RD predlo\u017eiti izpolnjeno vlogo za sprejem v \u010dlanstvo z izjavo, s katero izra\u017ea \u017eeljo postati \u010dlan dru\u017eine in se zave\u017ee spo\u0161tovati vse akte dru\u017eine.Vsak \u010dlan mora redno pla\u010devati \u010dlanarino in izvajati naloge, ki jih dolo\u010da [&hellip;]<\/p>\n","protected":false},"author":1,"featured_media":0,"parent":20,"menu_order":0,"comment_status":"closed","ping_status":"closed","template":"","meta":{"protect_children":false,"ngg_post_thumbnail":0,"footnotes":""},"class_list":["post-28","page","type-page","status-publish","hentry"],"yoast_head":"<!-- This site is optimized with the Yoast SEO plugin v27.5 - https:\/\/yoast.com\/product\/yoast-seo-wordpress\/ -->\n<title>Pridru\u017ei se nam - Ribi&scaron;ka dru\u017eina \u017delezniki<\/title>\n<meta name=\"robots\" content=\"index, follow, max-snippet:-1, max-image-preview:large, max-video-preview:-1\" \/>\n<link rel=\"canonical\" href=\"https:\/\/www.ribiska-druzina-zelezniki.si\/wp\/?page_id=28\" \/>\n<meta property=\"og:locale\" content=\"sl_SI\" \/>\n<meta property=\"og:type\" content=\"article\" \/>\n<meta property=\"og:title\" content=\"Pridru\u017ei se nam - Ribi&scaron;ka dru\u017eina \u017delezniki\" \/>\n<meta property=\"og:description\" content=\"\u010clan Ribi\u0161ke dru\u017eine \u017delezniki lahko postane vsaka polnoletna oseba. \u010clanstvo v dru\u017eini je prostovoljno. Kdor \u017eeli postati na\u0161 \u010dlan, mora RD predlo\u017eiti izpolnjeno vlogo za sprejem v \u010dlanstvo z izjavo, s katero izra\u017ea \u017eeljo postati \u010dlan dru\u017eine in se zave\u017ee spo\u0161tovati vse akte dru\u017eine.Vsak \u010dlan mora redno pla\u010devati \u010dlanarino in izvajati naloge, ki jih dolo\u010da [&hellip;]\" \/>\n<meta property=\"og:url\" content=\"https:\/\/www.ribiska-druzina-zelezniki.si\/wp\/?page_id=28\" \/>\n<meta property=\"og:site_name\" content=\"Ribi&scaron;ka dru\u017eina \u017delezniki\" \/>\n<meta property=\"article:modified_time\" content=\"2025-08-20T16:21:03+00:00\" \/>\n<meta name=\"twitter:card\" content=\"summary_large_image\" \/>\n<meta name=\"twitter:label1\" content=\"Est. reading time\" \/>\n\t<meta name=\"twitter:data1\" content=\"3 minute\" \/>\n<script type=\"application\/ld+json\" class=\"yoast-schema-graph\">{\"@context\":\"https:\\\/\\\/schema.org\",\"@graph\":[{\"@type\":\"WebPage\",\"@id\":\"https:\\\/\\\/www.ribiska-druzina-zelezniki.si\\\/wp\\\/?page_id=28\",\"url\":\"https:\\\/\\\/www.ribiska-druzina-zelezniki.si\\\/wp\\\/?page_id=28\",\"name\":\"Pridru\u017ei se nam - Ribi&scaron;ka dru\u017eina \u017delezniki\",\"isPartOf\":{\"@id\":\"https:\\\/\\\/www.ribiska-druzina-zelezniki.si\\\/wp\\\/#website\"},\"datePublished\":\"2020-04-04T06:57:30+00:00\",\"dateModified\":\"2025-08-20T16:21:03+00:00\",\"breadcrumb\":{\"@id\":\"https:\\\/\\\/www.ribiska-druzina-zelezniki.si\\\/wp\\\/?page_id=28#breadcrumb\"},\"inLanguage\":\"sl-SI\",\"potentialAction\":[{\"@type\":\"ReadAction\",\"target\":[\"https:\\\/\\\/www.ribiska-druzina-zelezniki.si\\\/wp\\\/?page_id=28\"]}]},{\"@type\":\"BreadcrumbList\",\"@id\":\"https:\\\/\\\/www.ribiska-druzina-zelezniki.si\\\/wp\\\/?page_id=28#breadcrumb\",\"itemListElement\":[{\"@type\":\"ListItem\",\"position\":1,\"name\":\"Home\",\"item\":\"https:\\\/\\\/www.ribiska-druzina-zelezniki.si\\\/wp\\\/\"},{\"@type\":\"ListItem\",\"position\":2,\"name\":\"O RD \u017delezniki\",\"item\":\"https:\\\/\\\/www.ribiska-druzina-zelezniki.si\\\/wp\\\/?page_id=20\"},{\"@type\":\"ListItem\",\"position\":3,\"name\":\"Pridru\u017ei se nam\"}]},{\"@type\":\"WebSite\",\"@id\":\"https:\\\/\\\/www.ribiska-druzina-zelezniki.si\\\/wp\\\/#website\",\"url\":\"https:\\\/\\\/www.ribiska-druzina-zelezniki.si\\\/wp\\\/\",\"name\":\"Ribi\u0161ka dru\u017eina \u017delezniki\",\"description\":\"Ribi&scaron;ka dru\u017eina \u017delezniki\",\"publisher\":{\"@id\":\"https:\\\/\\\/www.ribiska-druzina-zelezniki.si\\\/wp\\\/#organization\"},\"potentialAction\":[{\"@type\":\"SearchAction\",\"target\":{\"@type\":\"EntryPoint\",\"urlTemplate\":\"https:\\\/\\\/www.ribiska-druzina-zelezniki.si\\\/wp\\\/?s={search_term_string}\"},\"query-input\":{\"@type\":\"PropertyValueSpecification\",\"valueRequired\":true,\"valueName\":\"search_term_string\"}}],\"inLanguage\":\"sl-SI\"},{\"@type\":\"Organization\",\"@id\":\"https:\\\/\\\/www.ribiska-druzina-zelezniki.si\\\/wp\\\/#organization\",\"name\":\"Ribi\u0161ka dru\u017eina \u017delezniki\",\"url\":\"https:\\\/\\\/www.ribiska-druzina-zelezniki.si\\\/wp\\\/\",\"logo\":{\"@type\":\"ImageObject\",\"inLanguage\":\"sl-SI\",\"@id\":\"https:\\\/\\\/www.ribiska-druzina-zelezniki.si\\\/wp\\\/#\\\/schema\\\/logo\\\/image\\\/\",\"url\":\"https:\\\/\\\/www.ribiska-druzina-zelezniki.si\\\/wp\\\/wp-content\\\/uploads\\\/2020\\\/04\\\/Logo_RD_50.jpg\",\"contentUrl\":\"https:\\\/\\\/www.ribiska-druzina-zelezniki.si\\\/wp\\\/wp-content\\\/uploads\\\/2020\\\/04\\\/Logo_RD_50.jpg\",\"width\":50,\"height\":50,\"caption\":\"Ribi\u0161ka dru\u017eina \u017delezniki\"},\"image\":{\"@id\":\"https:\\\/\\\/www.ribiska-druzina-zelezniki.si\\\/wp\\\/#\\\/schema\\\/logo\\\/image\\\/\"}}]}<\/script>\n<!-- \/ Yoast SEO plugin. -->","yoast_head_json":{"title":"Pridru\u017ei se nam - Ribi&scaron;ka dru\u017eina \u017delezniki","robots":{"index":"index","follow":"follow","max-snippet":"max-snippet:-1","max-image-preview":"max-image-preview:large","max-video-preview":"max-video-preview:-1"},"canonical":"https:\/\/www.ribiska-druzina-zelezniki.si\/wp\/?page_id=28","og_locale":"sl_SI","og_type":"article","og_title":"Pridru\u017ei se nam - Ribi&scaron;ka dru\u017eina \u017delezniki","og_description":"\u010clan Ribi\u0161ke dru\u017eine \u017delezniki lahko postane vsaka polnoletna oseba. \u010clanstvo v dru\u017eini je prostovoljno. Kdor \u017eeli postati na\u0161 \u010dlan, mora RD predlo\u017eiti izpolnjeno vlogo za sprejem v \u010dlanstvo z izjavo, s katero izra\u017ea \u017eeljo postati \u010dlan dru\u017eine in se zave\u017ee spo\u0161tovati vse akte dru\u017eine.Vsak \u010dlan mora redno pla\u010devati \u010dlanarino in izvajati naloge, ki jih dolo\u010da [&hellip;]","og_url":"https:\/\/www.ribiska-druzina-zelezniki.si\/wp\/?page_id=28","og_site_name":"Ribi&scaron;ka dru\u017eina \u017delezniki","article_modified_time":"2025-08-20T16:21:03+00:00","twitter_card":"summary_large_image","twitter_misc":{"Est. reading time":"3 minute"},"schema":{"@context":"https:\/\/schema.org","@graph":[{"@type":"WebPage","@id":"https:\/\/www.ribiska-druzina-zelezniki.si\/wp\/?page_id=28","url":"https:\/\/www.ribiska-druzina-zelezniki.si\/wp\/?page_id=28","name":"Pridru\u017ei se nam - Ribi&scaron;ka dru\u017eina \u017delezniki","isPartOf":{"@id":"https:\/\/www.ribiska-druzina-zelezniki.si\/wp\/#website"},"datePublished":"2020-04-04T06:57:30+00:00","dateModified":"2025-08-20T16:21:03+00:00","breadcrumb":{"@id":"https:\/\/www.ribiska-druzina-zelezniki.si\/wp\/?page_id=28#breadcrumb"},"inLanguage":"sl-SI","potentialAction":[{"@type":"ReadAction","target":["https:\/\/www.ribiska-druzina-zelezniki.si\/wp\/?page_id=28"]}]},{"@type":"BreadcrumbList","@id":"https:\/\/www.ribiska-druzina-zelezniki.si\/wp\/?page_id=28#breadcrumb","itemListElement":[{"@type":"ListItem","position":1,"name":"Home","item":"https:\/\/www.ribiska-druzina-zelezniki.si\/wp\/"},{"@type":"ListItem","position":2,"name":"O RD \u017delezniki","item":"https:\/\/www.ribiska-druzina-zelezniki.si\/wp\/?page_id=20"},{"@type":"ListItem","position":3,"name":"Pridru\u017ei se nam"}]},{"@type":"WebSite","@id":"https:\/\/www.ribiska-druzina-zelezniki.si\/wp\/#website","url":"https:\/\/www.ribiska-druzina-zelezniki.si\/wp\/","name":"Ribi\u0161ka dru\u017eina \u017delezniki","description":"Ribi&scaron;ka dru\u017eina \u017delezniki","publisher":{"@id":"https:\/\/www.ribiska-druzina-zelezniki.si\/wp\/#organization"},"potentialAction":[{"@type":"SearchAction","target":{"@type":"EntryPoint","urlTemplate":"https:\/\/www.ribiska-druzina-zelezniki.si\/wp\/?s={search_term_string}"},"query-input":{"@type":"PropertyValueSpecification","valueRequired":true,"valueName":"search_term_string"}}],"inLanguage":"sl-SI"},{"@type":"Organization","@id":"https:\/\/www.ribiska-druzina-zelezniki.si\/wp\/#organization","name":"Ribi\u0161ka dru\u017eina \u017delezniki","url":"https:\/\/www.ribiska-druzina-zelezniki.si\/wp\/","logo":{"@type":"ImageObject","inLanguage":"sl-SI","@id":"https:\/\/www.ribiska-druzina-zelezniki.si\/wp\/#\/schema\/logo\/image\/","url":"https:\/\/www.ribiska-druzina-zelezniki.si\/wp\/wp-content\/uploads\/2020\/04\/Logo_RD_50.jpg","contentUrl":"https:\/\/www.ribiska-druzina-zelezniki.si\/wp\/wp-content\/uploads\/2020\/04\/Logo_RD_50.jpg","width":50,"height":50,"caption":"Ribi\u0161ka dru\u017eina \u017delezniki"},"image":{"@id":"https:\/\/www.ribiska-druzina-zelezniki.si\/wp\/#\/schema\/logo\/image\/"}}]}},"_links":{"self":[{"href":"https:\/\/www.ribiska-druzina-zelezniki.si\/wp\/index.php?rest_route=\/wp\/v2\/pages\/28","targetHints":{"allow":["GET"]}}],"collection":[{"href":"https:\/\/www.ribiska-druzina-zelezniki.si\/wp\/index.php?rest_route=\/wp\/v2\/pages"}],"about":[{"href":"https:\/\/www.ribiska-druzina-zelezniki.si\/wp\/index.php?rest_route=\/wp\/v2\/types\/page"}],"author":[{"embeddable":true,"href":"https:\/\/www.ribiska-druzina-zelezniki.si\/wp\/index.php?rest_route=\/wp\/v2\/users\/1"}],"replies":[{"embeddable":true,"href":"https:\/\/www.ribiska-druzina-zelezniki.si\/wp\/index.php?rest_route=%2Fwp%2Fv2%2Fcomments&post=28"}],"version-history":[{"count":7,"href":"https:\/\/www.ribiska-druzina-zelezniki.si\/wp\/index.php?rest_route=\/wp\/v2\/pages\/28\/revisions"}],"predecessor-version":[{"id":876,"href":"https:\/\/www.ribiska-druzina-zelezniki.si\/wp\/index.php?rest_route=\/wp\/v2\/pages\/28\/revisions\/876"}],"up":[{"embeddable":true,"href":"https:\/\/www.ribiska-druzina-zelezniki.si\/wp\/index.php?rest_route=\/wp\/v2\/pages\/20"}],"wp:attachment":[{"href":"https:\/\/www.ribiska-druzina-zelezniki.si\/wp\/index.php?rest_route=%2Fwp%2Fv2%2Fmedia&parent=28"}],"curies":[{"name":"wp","href":"https:\/\/api.w.org\/{rel}","templated":true}]}}