{"id":23,"date":"2020-04-04T06:57:30","date_gmt":"2020-04-04T06:57:30","guid":{"rendered":"http:\/\/www.ribiska-druzina-zelezniki.si\/wp\/?page_id=23"},"modified":"2026-04-09T16:44:14","modified_gmt":"2026-04-09T16:44:14","slug":"prodaja-rib","status":"publish","type":"page","link":"https:\/\/www.ribiska-druzina-zelezniki.si\/wp\/?page_id=23","title":{"rendered":"Prodaja rib"},"content":{"rendered":"\n<p>Vse cenjene stranke obve\u0161\u010damo, da je v na\u0161em ribi\u0161kem domu mo\u017eno kupiti konzumno \u0161arenko.<br>Cena za kg neo\u010di\u0161\u010denih rib je <strong>10,00 eur<\/strong>, ki jih na \u017eeljo kupca tudi o\u010distimo.<br>Ribe so vzgojene iz lastne plemenske jate in gojene v lastni ribogojnici. Ribogojnica je dne 18. 7. 2017 z dopisom Ministrstva za kmetijstvo, gozdrastvo in prehrano pridobila status kompartment prost bolezni VHS\/IHN.<\/p>\n\n\n\n<p><strong>PRODAJA RIB POTEKA:<\/strong><\/p>\n\n\n\n<p><\/p>\n\n\n\n<ul class=\"wp-block-list\">\n<li><strong>SAMO <\/strong><\/li>\n\n\n\n<li><strong>VSAKO SOBOTO OD 9. DO 11. URE<\/strong> <strong>IN OB \u010cETRTKIH OD 15. DO 17. URE<\/strong><\/li>\n\n\n\n<li><strong>NA DR\u017dAVNE PRAZNIKE NI PRODAJE RIB<\/strong><\/li>\n<\/ul>\n\n\n\n<p><strong>PO DOGOVORU:<\/strong><\/p>\n\n\n\n<ul class=\"wp-block-list\">\n<li><strong>SRE\u010cKO MOHORI\u010c : 051\/250-364<\/strong><\/li>\n\n\n\n<li><strong>TONE VIRANT: 040\/279\u2013911<\/strong><\/li>\n<\/ul>\n\n\n\n<p>\u017deljena je predhodna najava, da ni potem nepotrebnega \u010dakanja. Va\u0161o prijavo oddajte preko spletnega obrazca spodaj.<\/p>\n\n\n\n\n<div class=\"wpcf7 no-js\" id=\"wpcf7-f325-o1\" lang=\"en-US\" dir=\"ltr\" data-wpcf7-id=\"325\">\n<div class=\"screen-reader-response\"><p role=\"status\" aria-live=\"polite\" aria-atomic=\"true\"><\/p> <ul><\/ul><\/div>\n<form action=\"\/wp\/index.php?rest_route=%2Fwp%2Fv2%2Fpages%2F23#wpcf7-f325-o1\" method=\"post\" class=\"wpcf7-form init\" aria-label=\"Contact form\" novalidate=\"novalidate\" data-status=\"init\">\n<fieldset class=\"hidden-fields-container\"><input type=\"hidden\" name=\"_wpcf7\" value=\"325\" \/><input type=\"hidden\" name=\"_wpcf7_version\" value=\"6.1.5\" \/><input type=\"hidden\" name=\"_wpcf7_locale\" value=\"en_US\" \/><input type=\"hidden\" name=\"_wpcf7_unit_tag\" value=\"wpcf7-f325-o1\" \/><input type=\"hidden\" name=\"_wpcf7_container_post\" value=\"0\" \/><input type=\"hidden\" name=\"_wpcf7_posted_data_hash\" value=\"\" \/>\n<\/fieldset>\n<p><label> Va\u0161e ime (obvezno)<br \/>\n<span class=\"wpcf7-form-control-wrap\" data-name=\"your-name\"><input size=\"40\" maxlength=\"400\" class=\"wpcf7-form-control wpcf7-text wpcf7-validates-as-required\" aria-required=\"true\" aria-invalid=\"false\" value=\"\" type=\"text\" name=\"your-name\" \/><\/span> <\/label>\n<\/p>\n<p><label> Va\u0161e e-po\u0161ta (obvezno)<br \/>\n<span class=\"wpcf7-form-control-wrap\" data-name=\"your-email\"><input size=\"40\" maxlength=\"400\" class=\"wpcf7-form-control wpcf7-email wpcf7-validates-as-required wpcf7-text wpcf7-validates-as-email\" aria-required=\"true\" aria-invalid=\"false\" value=\"\" type=\"email\" name=\"your-email\" \/><\/span> <\/label>\n<\/p>\n<p><label> Va\u0161e telefonska \u0161tevilka (obvezno)<br \/>\n<span class=\"wpcf7-form-control-wrap\" data-name=\"tel-323\"><input size=\"40\" maxlength=\"400\" class=\"wpcf7-form-control wpcf7-tel wpcf7-validates-as-required wpcf7-text wpcf7-validates-as-tel\" aria-required=\"true\" aria-invalid=\"false\" value=\"\" type=\"tel\" name=\"tel-323\" \/><\/span> <\/label>\n<\/p>\n<p><label> Vnesite \u0161tevilo rib, ki jih \u017eelite kupiti (obvezno)<br \/>\n<span class=\"wpcf7-form-control-wrap\" data-name=\"number-104\"><input class=\"wpcf7-form-control wpcf7-number wpcf7-validates-as-required wpcf7-validates-as-number\" min=\"1\" aria-required=\"true\" aria-invalid=\"false\" value=\"\" type=\"number\" name=\"number-104\" \/><\/span> <\/label>\n<\/p>\n<p><label> Vnesite datum prevzema (obvezno)<br \/>\n<span class=\"wpcf7-form-control-wrap\" data-name=\"date-646\"><input class=\"wpcf7-form-control wpcf7-date wpcf7-validates-as-required wpcf7-validates-as-date\" aria-required=\"true\" aria-invalid=\"false\" value=\"\" type=\"date\" name=\"date-646\" \/><\/span> <\/label>\n<\/p>\n<p><label> Vnesite uro prevzema (obvezno)<br \/>\n<span class=\"wpcf7-form-control-wrap\" data-name=\"text-115\"><input size=\"40\" maxlength=\"400\" class=\"wpcf7-form-control wpcf7-text wpcf7-validates-as-required\" aria-required=\"true\" aria-invalid=\"false\" value=\"\" type=\"text\" name=\"text-115\" \/><\/span> <\/label>\n<\/p>\n<p><label> Va\u0161e sporo\u010dilo<br \/>\n<span class=\"wpcf7-form-control-wrap\" data-name=\"your-message\"><textarea cols=\"40\" rows=\"10\" maxlength=\"2000\" class=\"wpcf7-form-control wpcf7-textarea\" aria-invalid=\"false\" name=\"your-message\"><\/textarea><\/span> <\/label>\n<\/p>\n<p><input class=\"wpcf7-form-control wpcf7-submit has-spinner\" type=\"submit\" value=\"Po\u0161lji\" \/>\n<\/p><div class=\"wpcf7-response-output\" aria-hidden=\"true\"><\/div>\n<\/form>\n<\/div>\n\n\n\n\n<p><\/p>\n\n\n\n<p><\/p>\n","protected":false},"excerpt":{"rendered":"<p>Vse cenjene stranke obve\u0161\u010damo, da je v na\u0161em ribi\u0161kem domu mo\u017eno kupiti konzumno \u0161arenko.Cena za kg neo\u010di\u0161\u010denih rib je 10,00 eur, ki jih na \u017eeljo kupca tudi o\u010distimo.Ribe so vzgojene iz lastne plemenske jate in gojene v lastni ribogojnici. Ribogojnica je dne 18. 7. 2017 z dopisom Ministrstva za kmetijstvo, gozdrastvo in prehrano pridobila status [&hellip;]<\/p>\n","protected":false},"author":1,"featured_media":0,"parent":0,"menu_order":0,"comment_status":"closed","ping_status":"closed","template":"","meta":{"protect_children":false,"ngg_post_thumbnail":0,"footnotes":""},"class_list":["post-23","page","type-page","status-publish","hentry"],"yoast_head":"<!-- This site is optimized with the Yoast SEO plugin v27.5 - https:\/\/yoast.com\/product\/yoast-seo-wordpress\/ -->\n<title>Prodaja rib - Ribi&scaron;ka dru\u017eina \u017delezniki<\/title>\n<meta name=\"robots\" content=\"index, follow, max-snippet:-1, max-image-preview:large, max-video-preview:-1\" \/>\n<link rel=\"canonical\" href=\"https:\/\/www.ribiska-druzina-zelezniki.si\/wp\/?page_id=23\" \/>\n<meta property=\"og:locale\" content=\"sl_SI\" \/>\n<meta property=\"og:type\" content=\"article\" \/>\n<meta property=\"og:title\" content=\"Prodaja rib - Ribi&scaron;ka dru\u017eina \u017delezniki\" \/>\n<meta property=\"og:description\" content=\"Vse cenjene stranke obve\u0161\u010damo, da je v na\u0161em ribi\u0161kem domu mo\u017eno kupiti konzumno \u0161arenko.Cena za kg neo\u010di\u0161\u010denih rib je 10,00 eur, ki jih na \u017eeljo kupca tudi o\u010distimo.Ribe so vzgojene iz lastne plemenske jate in gojene v lastni ribogojnici. Ribogojnica je dne 18. 7. 2017 z dopisom Ministrstva za kmetijstvo, gozdrastvo in prehrano pridobila status [&hellip;]\" \/>\n<meta property=\"og:url\" content=\"https:\/\/www.ribiska-druzina-zelezniki.si\/wp\/?page_id=23\" \/>\n<meta property=\"og:site_name\" content=\"Ribi&scaron;ka dru\u017eina \u017delezniki\" \/>\n<meta property=\"article:modified_time\" content=\"2026-04-09T16:44:14+00:00\" \/>\n<meta name=\"twitter:card\" content=\"summary_large_image\" \/>\n<meta name=\"twitter:label1\" content=\"Est. reading time\" \/>\n\t<meta name=\"twitter:data1\" content=\"1 minuta\" \/>\n<script type=\"application\/ld+json\" class=\"yoast-schema-graph\">{\"@context\":\"https:\\\/\\\/schema.org\",\"@graph\":[{\"@type\":\"WebPage\",\"@id\":\"https:\\\/\\\/www.ribiska-druzina-zelezniki.si\\\/wp\\\/?page_id=23\",\"url\":\"https:\\\/\\\/www.ribiska-druzina-zelezniki.si\\\/wp\\\/?page_id=23\",\"name\":\"Prodaja rib - Ribi&scaron;ka dru\u017eina \u017delezniki\",\"isPartOf\":{\"@id\":\"https:\\\/\\\/www.ribiska-druzina-zelezniki.si\\\/wp\\\/#website\"},\"datePublished\":\"2020-04-04T06:57:30+00:00\",\"dateModified\":\"2026-04-09T16:44:14+00:00\",\"breadcrumb\":{\"@id\":\"https:\\\/\\\/www.ribiska-druzina-zelezniki.si\\\/wp\\\/?page_id=23#breadcrumb\"},\"inLanguage\":\"sl-SI\",\"potentialAction\":[{\"@type\":\"ReadAction\",\"target\":[\"https:\\\/\\\/www.ribiska-druzina-zelezniki.si\\\/wp\\\/?page_id=23\"]}]},{\"@type\":\"BreadcrumbList\",\"@id\":\"https:\\\/\\\/www.ribiska-druzina-zelezniki.si\\\/wp\\\/?page_id=23#breadcrumb\",\"itemListElement\":[{\"@type\":\"ListItem\",\"position\":1,\"name\":\"Home\",\"item\":\"https:\\\/\\\/www.ribiska-druzina-zelezniki.si\\\/wp\\\/\"},{\"@type\":\"ListItem\",\"position\":2,\"name\":\"Prodaja rib\"}]},{\"@type\":\"WebSite\",\"@id\":\"https:\\\/\\\/www.ribiska-druzina-zelezniki.si\\\/wp\\\/#website\",\"url\":\"https:\\\/\\\/www.ribiska-druzina-zelezniki.si\\\/wp\\\/\",\"name\":\"Ribi\u0161ka dru\u017eina \u017delezniki\",\"description\":\"Ribi&scaron;ka dru\u017eina \u017delezniki\",\"publisher\":{\"@id\":\"https:\\\/\\\/www.ribiska-druzina-zelezniki.si\\\/wp\\\/#organization\"},\"potentialAction\":[{\"@type\":\"SearchAction\",\"target\":{\"@type\":\"EntryPoint\",\"urlTemplate\":\"https:\\\/\\\/www.ribiska-druzina-zelezniki.si\\\/wp\\\/?s={search_term_string}\"},\"query-input\":{\"@type\":\"PropertyValueSpecification\",\"valueRequired\":true,\"valueName\":\"search_term_string\"}}],\"inLanguage\":\"sl-SI\"},{\"@type\":\"Organization\",\"@id\":\"https:\\\/\\\/www.ribiska-druzina-zelezniki.si\\\/wp\\\/#organization\",\"name\":\"Ribi\u0161ka dru\u017eina \u017delezniki\",\"url\":\"https:\\\/\\\/www.ribiska-druzina-zelezniki.si\\\/wp\\\/\",\"logo\":{\"@type\":\"ImageObject\",\"inLanguage\":\"sl-SI\",\"@id\":\"https:\\\/\\\/www.ribiska-druzina-zelezniki.si\\\/wp\\\/#\\\/schema\\\/logo\\\/image\\\/\",\"url\":\"https:\\\/\\\/www.ribiska-druzina-zelezniki.si\\\/wp\\\/wp-content\\\/uploads\\\/2020\\\/04\\\/Logo_RD_50.jpg\",\"contentUrl\":\"https:\\\/\\\/www.ribiska-druzina-zelezniki.si\\\/wp\\\/wp-content\\\/uploads\\\/2020\\\/04\\\/Logo_RD_50.jpg\",\"width\":50,\"height\":50,\"caption\":\"Ribi\u0161ka dru\u017eina \u017delezniki\"},\"image\":{\"@id\":\"https:\\\/\\\/www.ribiska-druzina-zelezniki.si\\\/wp\\\/#\\\/schema\\\/logo\\\/image\\\/\"}}]}<\/script>\n<!-- \/ Yoast SEO plugin. -->","yoast_head_json":{"title":"Prodaja rib - Ribi&scaron;ka dru\u017eina \u017delezniki","robots":{"index":"index","follow":"follow","max-snippet":"max-snippet:-1","max-image-preview":"max-image-preview:large","max-video-preview":"max-video-preview:-1"},"canonical":"https:\/\/www.ribiska-druzina-zelezniki.si\/wp\/?page_id=23","og_locale":"sl_SI","og_type":"article","og_title":"Prodaja rib - Ribi&scaron;ka dru\u017eina \u017delezniki","og_description":"Vse cenjene stranke obve\u0161\u010damo, da je v na\u0161em ribi\u0161kem domu mo\u017eno kupiti konzumno \u0161arenko.Cena za kg neo\u010di\u0161\u010denih rib je 10,00 eur, ki jih na \u017eeljo kupca tudi o\u010distimo.Ribe so vzgojene iz lastne plemenske jate in gojene v lastni ribogojnici. Ribogojnica je dne 18. 7. 2017 z dopisom Ministrstva za kmetijstvo, gozdrastvo in prehrano pridobila status [&hellip;]","og_url":"https:\/\/www.ribiska-druzina-zelezniki.si\/wp\/?page_id=23","og_site_name":"Ribi&scaron;ka dru\u017eina \u017delezniki","article_modified_time":"2026-04-09T16:44:14+00:00","twitter_card":"summary_large_image","twitter_misc":{"Est. reading time":"1 minuta"},"schema":{"@context":"https:\/\/schema.org","@graph":[{"@type":"WebPage","@id":"https:\/\/www.ribiska-druzina-zelezniki.si\/wp\/?page_id=23","url":"https:\/\/www.ribiska-druzina-zelezniki.si\/wp\/?page_id=23","name":"Prodaja rib - Ribi&scaron;ka dru\u017eina \u017delezniki","isPartOf":{"@id":"https:\/\/www.ribiska-druzina-zelezniki.si\/wp\/#website"},"datePublished":"2020-04-04T06:57:30+00:00","dateModified":"2026-04-09T16:44:14+00:00","breadcrumb":{"@id":"https:\/\/www.ribiska-druzina-zelezniki.si\/wp\/?page_id=23#breadcrumb"},"inLanguage":"sl-SI","potentialAction":[{"@type":"ReadAction","target":["https:\/\/www.ribiska-druzina-zelezniki.si\/wp\/?page_id=23"]}]},{"@type":"BreadcrumbList","@id":"https:\/\/www.ribiska-druzina-zelezniki.si\/wp\/?page_id=23#breadcrumb","itemListElement":[{"@type":"ListItem","position":1,"name":"Home","item":"https:\/\/www.ribiska-druzina-zelezniki.si\/wp\/"},{"@type":"ListItem","position":2,"name":"Prodaja rib"}]},{"@type":"WebSite","@id":"https:\/\/www.ribiska-druzina-zelezniki.si\/wp\/#website","url":"https:\/\/www.ribiska-druzina-zelezniki.si\/wp\/","name":"Ribi\u0161ka dru\u017eina \u017delezniki","description":"Ribi&scaron;ka dru\u017eina \u017delezniki","publisher":{"@id":"https:\/\/www.ribiska-druzina-zelezniki.si\/wp\/#organization"},"potentialAction":[{"@type":"SearchAction","target":{"@type":"EntryPoint","urlTemplate":"https:\/\/www.ribiska-druzina-zelezniki.si\/wp\/?s={search_term_string}"},"query-input":{"@type":"PropertyValueSpecification","valueRequired":true,"valueName":"search_term_string"}}],"inLanguage":"sl-SI"},{"@type":"Organization","@id":"https:\/\/www.ribiska-druzina-zelezniki.si\/wp\/#organization","name":"Ribi\u0161ka dru\u017eina \u017delezniki","url":"https:\/\/www.ribiska-druzina-zelezniki.si\/wp\/","logo":{"@type":"ImageObject","inLanguage":"sl-SI","@id":"https:\/\/www.ribiska-druzina-zelezniki.si\/wp\/#\/schema\/logo\/image\/","url":"https:\/\/www.ribiska-druzina-zelezniki.si\/wp\/wp-content\/uploads\/2020\/04\/Logo_RD_50.jpg","contentUrl":"https:\/\/www.ribiska-druzina-zelezniki.si\/wp\/wp-content\/uploads\/2020\/04\/Logo_RD_50.jpg","width":50,"height":50,"caption":"Ribi\u0161ka dru\u017eina \u017delezniki"},"image":{"@id":"https:\/\/www.ribiska-druzina-zelezniki.si\/wp\/#\/schema\/logo\/image\/"}}]}},"_links":{"self":[{"href":"https:\/\/www.ribiska-druzina-zelezniki.si\/wp\/index.php?rest_route=\/wp\/v2\/pages\/23","targetHints":{"allow":["GET"]}}],"collection":[{"href":"https:\/\/www.ribiska-druzina-zelezniki.si\/wp\/index.php?rest_route=\/wp\/v2\/pages"}],"about":[{"href":"https:\/\/www.ribiska-druzina-zelezniki.si\/wp\/index.php?rest_route=\/wp\/v2\/types\/page"}],"author":[{"embeddable":true,"href":"https:\/\/www.ribiska-druzina-zelezniki.si\/wp\/index.php?rest_route=\/wp\/v2\/users\/1"}],"replies":[{"embeddable":true,"href":"https:\/\/www.ribiska-druzina-zelezniki.si\/wp\/index.php?rest_route=%2Fwp%2Fv2%2Fcomments&post=23"}],"version-history":[{"count":27,"href":"https:\/\/www.ribiska-druzina-zelezniki.si\/wp\/index.php?rest_route=\/wp\/v2\/pages\/23\/revisions"}],"predecessor-version":[{"id":891,"href":"https:\/\/www.ribiska-druzina-zelezniki.si\/wp\/index.php?rest_route=\/wp\/v2\/pages\/23\/revisions\/891"}],"wp:attachment":[{"href":"https:\/\/www.ribiska-druzina-zelezniki.si\/wp\/index.php?rest_route=%2Fwp%2Fv2%2Fmedia&parent=23"}],"curies":[{"name":"wp","href":"https:\/\/api.w.org\/{rel}","templated":true}]}}