{"id":22,"date":"2020-04-04T06:57:30","date_gmt":"2020-04-04T06:57:30","guid":{"rendered":"http:\/\/www.ribiska-druzina-zelezniki.si\/wp\/?page_id=22"},"modified":"2020-04-19T15:01:15","modified_gmt":"2020-04-19T15:01:15","slug":"ribolov","status":"publish","type":"page","link":"https:\/\/www.ribiska-druzina-zelezniki.si\/wp\/?page_id=22","title":{"rendered":"Ribolov"},"content":{"rendered":"\n<p style=\"font-size:24px\" class=\"has-text-align-center\"><strong>Turisti\u010dni ribolov<\/strong><\/p>\n\n\n\n<p>Ribi\u0161ka dru\u017eina nudi turistom \u0161portni ribolov v Sel\u0161ki Sori v dveh revirjih<\/p>\n\n\n\n<ul class=\"wp-block-list\"><li><a href=\"https:\/\/www.ribiska-druzina-zelezniki.si\/wp\/?page_id=102\">revir A<\/a><\/li><li><a href=\"https:\/\/www.ribiska-druzina-zelezniki.si\/wp\/?page_id=104\">revir B<\/a><\/li><li><a href=\"https:\/\/www.ribiska-druzina-zelezniki.si\/wp\/?page_id=29\">ribolovne karte in ribolovni re\u017eim<\/a><\/li><\/ul>\n\n\n\n<p><\/p>\n","protected":false},"excerpt":{"rendered":"<p>Turisti\u010dni ribolov Ribi\u0161ka dru\u017eina nudi turistom \u0161portni ribolov v Sel\u0161ki Sori v dveh revirjih revir A revir B ribolovne karte in ribolovni re\u017eim<\/p>\n","protected":false},"author":1,"featured_media":0,"parent":0,"menu_order":0,"comment_status":"closed","ping_status":"closed","template":"","meta":{"protect_children":false,"ngg_post_thumbnail":0,"footnotes":""},"class_list":["post-22","page","type-page","status-publish","hentry"],"yoast_head":"<!-- This site is optimized with the Yoast SEO plugin v27.5 - https:\/\/yoast.com\/product\/yoast-seo-wordpress\/ -->\n<title>Ribolov - Ribi&scaron;ka dru\u017eina \u017delezniki<\/title>\n<meta name=\"robots\" content=\"index, follow, max-snippet:-1, max-image-preview:large, max-video-preview:-1\" \/>\n<link rel=\"canonical\" href=\"https:\/\/www.ribiska-druzina-zelezniki.si\/wp\/?page_id=22\" \/>\n<meta property=\"og:locale\" content=\"sl_SI\" \/>\n<meta property=\"og:type\" content=\"article\" \/>\n<meta property=\"og:title\" content=\"Ribolov - Ribi&scaron;ka dru\u017eina \u017delezniki\" \/>\n<meta property=\"og:description\" content=\"Turisti\u010dni ribolov Ribi\u0161ka dru\u017eina nudi turistom \u0161portni ribolov v Sel\u0161ki Sori v dveh revirjih revir A revir B ribolovne karte in ribolovni re\u017eim\" \/>\n<meta property=\"og:url\" content=\"https:\/\/www.ribiska-druzina-zelezniki.si\/wp\/?page_id=22\" \/>\n<meta property=\"og:site_name\" content=\"Ribi&scaron;ka dru\u017eina \u017delezniki\" \/>\n<meta property=\"article:modified_time\" content=\"2020-04-19T15:01:15+00:00\" \/>\n<meta name=\"twitter:card\" content=\"summary_large_image\" \/>\n<script type=\"application\/ld+json\" class=\"yoast-schema-graph\">{\"@context\":\"https:\\\/\\\/schema.org\",\"@graph\":[{\"@type\":\"WebPage\",\"@id\":\"https:\\\/\\\/www.ribiska-druzina-zelezniki.si\\\/wp\\\/?page_id=22\",\"url\":\"https:\\\/\\\/www.ribiska-druzina-zelezniki.si\\\/wp\\\/?page_id=22\",\"name\":\"Ribolov - Ribi&scaron;ka dru\u017eina \u017delezniki\",\"isPartOf\":{\"@id\":\"https:\\\/\\\/www.ribiska-druzina-zelezniki.si\\\/wp\\\/#website\"},\"datePublished\":\"2020-04-04T06:57:30+00:00\",\"dateModified\":\"2020-04-19T15:01:15+00:00\",\"breadcrumb\":{\"@id\":\"https:\\\/\\\/www.ribiska-druzina-zelezniki.si\\\/wp\\\/?page_id=22#breadcrumb\"},\"inLanguage\":\"sl-SI\",\"potentialAction\":[{\"@type\":\"ReadAction\",\"target\":[\"https:\\\/\\\/www.ribiska-druzina-zelezniki.si\\\/wp\\\/?page_id=22\"]}]},{\"@type\":\"BreadcrumbList\",\"@id\":\"https:\\\/\\\/www.ribiska-druzina-zelezniki.si\\\/wp\\\/?page_id=22#breadcrumb\",\"itemListElement\":[{\"@type\":\"ListItem\",\"position\":1,\"name\":\"Home\",\"item\":\"https:\\\/\\\/www.ribiska-druzina-zelezniki.si\\\/wp\\\/\"},{\"@type\":\"ListItem\",\"position\":2,\"name\":\"Ribolov\"}]},{\"@type\":\"WebSite\",\"@id\":\"https:\\\/\\\/www.ribiska-druzina-zelezniki.si\\\/wp\\\/#website\",\"url\":\"https:\\\/\\\/www.ribiska-druzina-zelezniki.si\\\/wp\\\/\",\"name\":\"Ribi\u0161ka dru\u017eina \u017delezniki\",\"description\":\"Ribi&scaron;ka dru\u017eina \u017delezniki\",\"publisher\":{\"@id\":\"https:\\\/\\\/www.ribiska-druzina-zelezniki.si\\\/wp\\\/#organization\"},\"potentialAction\":[{\"@type\":\"SearchAction\",\"target\":{\"@type\":\"EntryPoint\",\"urlTemplate\":\"https:\\\/\\\/www.ribiska-druzina-zelezniki.si\\\/wp\\\/?s={search_term_string}\"},\"query-input\":{\"@type\":\"PropertyValueSpecification\",\"valueRequired\":true,\"valueName\":\"search_term_string\"}}],\"inLanguage\":\"sl-SI\"},{\"@type\":\"Organization\",\"@id\":\"https:\\\/\\\/www.ribiska-druzina-zelezniki.si\\\/wp\\\/#organization\",\"name\":\"Ribi\u0161ka dru\u017eina \u017delezniki\",\"url\":\"https:\\\/\\\/www.ribiska-druzina-zelezniki.si\\\/wp\\\/\",\"logo\":{\"@type\":\"ImageObject\",\"inLanguage\":\"sl-SI\",\"@id\":\"https:\\\/\\\/www.ribiska-druzina-zelezniki.si\\\/wp\\\/#\\\/schema\\\/logo\\\/image\\\/\",\"url\":\"https:\\\/\\\/www.ribiska-druzina-zelezniki.si\\\/wp\\\/wp-content\\\/uploads\\\/2020\\\/04\\\/Logo_RD_50.jpg\",\"contentUrl\":\"https:\\\/\\\/www.ribiska-druzina-zelezniki.si\\\/wp\\\/wp-content\\\/uploads\\\/2020\\\/04\\\/Logo_RD_50.jpg\",\"width\":50,\"height\":50,\"caption\":\"Ribi\u0161ka dru\u017eina \u017delezniki\"},\"image\":{\"@id\":\"https:\\\/\\\/www.ribiska-druzina-zelezniki.si\\\/wp\\\/#\\\/schema\\\/logo\\\/image\\\/\"}}]}<\/script>\n<!-- \/ Yoast SEO plugin. -->","yoast_head_json":{"title":"Ribolov - Ribi&scaron;ka dru\u017eina \u017delezniki","robots":{"index":"index","follow":"follow","max-snippet":"max-snippet:-1","max-image-preview":"max-image-preview:large","max-video-preview":"max-video-preview:-1"},"canonical":"https:\/\/www.ribiska-druzina-zelezniki.si\/wp\/?page_id=22","og_locale":"sl_SI","og_type":"article","og_title":"Ribolov - Ribi&scaron;ka dru\u017eina \u017delezniki","og_description":"Turisti\u010dni ribolov Ribi\u0161ka dru\u017eina nudi turistom \u0161portni ribolov v Sel\u0161ki Sori v dveh revirjih revir A revir B ribolovne karte in ribolovni re\u017eim","og_url":"https:\/\/www.ribiska-druzina-zelezniki.si\/wp\/?page_id=22","og_site_name":"Ribi&scaron;ka dru\u017eina \u017delezniki","article_modified_time":"2020-04-19T15:01:15+00:00","twitter_card":"summary_large_image","schema":{"@context":"https:\/\/schema.org","@graph":[{"@type":"WebPage","@id":"https:\/\/www.ribiska-druzina-zelezniki.si\/wp\/?page_id=22","url":"https:\/\/www.ribiska-druzina-zelezniki.si\/wp\/?page_id=22","name":"Ribolov - Ribi&scaron;ka dru\u017eina \u017delezniki","isPartOf":{"@id":"https:\/\/www.ribiska-druzina-zelezniki.si\/wp\/#website"},"datePublished":"2020-04-04T06:57:30+00:00","dateModified":"2020-04-19T15:01:15+00:00","breadcrumb":{"@id":"https:\/\/www.ribiska-druzina-zelezniki.si\/wp\/?page_id=22#breadcrumb"},"inLanguage":"sl-SI","potentialAction":[{"@type":"ReadAction","target":["https:\/\/www.ribiska-druzina-zelezniki.si\/wp\/?page_id=22"]}]},{"@type":"BreadcrumbList","@id":"https:\/\/www.ribiska-druzina-zelezniki.si\/wp\/?page_id=22#breadcrumb","itemListElement":[{"@type":"ListItem","position":1,"name":"Home","item":"https:\/\/www.ribiska-druzina-zelezniki.si\/wp\/"},{"@type":"ListItem","position":2,"name":"Ribolov"}]},{"@type":"WebSite","@id":"https:\/\/www.ribiska-druzina-zelezniki.si\/wp\/#website","url":"https:\/\/www.ribiska-druzina-zelezniki.si\/wp\/","name":"Ribi\u0161ka dru\u017eina \u017delezniki","description":"Ribi&scaron;ka dru\u017eina \u017delezniki","publisher":{"@id":"https:\/\/www.ribiska-druzina-zelezniki.si\/wp\/#organization"},"potentialAction":[{"@type":"SearchAction","target":{"@type":"EntryPoint","urlTemplate":"https:\/\/www.ribiska-druzina-zelezniki.si\/wp\/?s={search_term_string}"},"query-input":{"@type":"PropertyValueSpecification","valueRequired":true,"valueName":"search_term_string"}}],"inLanguage":"sl-SI"},{"@type":"Organization","@id":"https:\/\/www.ribiska-druzina-zelezniki.si\/wp\/#organization","name":"Ribi\u0161ka dru\u017eina \u017delezniki","url":"https:\/\/www.ribiska-druzina-zelezniki.si\/wp\/","logo":{"@type":"ImageObject","inLanguage":"sl-SI","@id":"https:\/\/www.ribiska-druzina-zelezniki.si\/wp\/#\/schema\/logo\/image\/","url":"https:\/\/www.ribiska-druzina-zelezniki.si\/wp\/wp-content\/uploads\/2020\/04\/Logo_RD_50.jpg","contentUrl":"https:\/\/www.ribiska-druzina-zelezniki.si\/wp\/wp-content\/uploads\/2020\/04\/Logo_RD_50.jpg","width":50,"height":50,"caption":"Ribi\u0161ka dru\u017eina \u017delezniki"},"image":{"@id":"https:\/\/www.ribiska-druzina-zelezniki.si\/wp\/#\/schema\/logo\/image\/"}}]}},"_links":{"self":[{"href":"https:\/\/www.ribiska-druzina-zelezniki.si\/wp\/index.php?rest_route=\/wp\/v2\/pages\/22","targetHints":{"allow":["GET"]}}],"collection":[{"href":"https:\/\/www.ribiska-druzina-zelezniki.si\/wp\/index.php?rest_route=\/wp\/v2\/pages"}],"about":[{"href":"https:\/\/www.ribiska-druzina-zelezniki.si\/wp\/index.php?rest_route=\/wp\/v2\/types\/page"}],"author":[{"embeddable":true,"href":"https:\/\/www.ribiska-druzina-zelezniki.si\/wp\/index.php?rest_route=\/wp\/v2\/users\/1"}],"replies":[{"embeddable":true,"href":"https:\/\/www.ribiska-druzina-zelezniki.si\/wp\/index.php?rest_route=%2Fwp%2Fv2%2Fcomments&post=22"}],"version-history":[{"count":4,"href":"https:\/\/www.ribiska-druzina-zelezniki.si\/wp\/index.php?rest_route=\/wp\/v2\/pages\/22\/revisions"}],"predecessor-version":[{"id":564,"href":"https:\/\/www.ribiska-druzina-zelezniki.si\/wp\/index.php?rest_route=\/wp\/v2\/pages\/22\/revisions\/564"}],"wp:attachment":[{"href":"https:\/\/www.ribiska-druzina-zelezniki.si\/wp\/index.php?rest_route=%2Fwp%2Fv2%2Fmedia&parent=22"}],"curies":[{"name":"wp","href":"https:\/\/api.w.org\/{rel}","templated":true}]}}