{"id":104,"date":"2020-04-05T10:54:42","date_gmt":"2020-04-05T10:54:42","guid":{"rendered":"http:\/\/www.ribiska-druzina-zelezniki.si\/wp\/?page_id=104"},"modified":"2025-07-16T16:32:26","modified_gmt":"2025-07-16T16:32:26","slug":"revir-b","status":"publish","type":"page","link":"https:\/\/www.ribiska-druzina-zelezniki.si\/wp\/?page_id=104","title":{"rendered":"Revir B"},"content":{"rendered":"\n<p><strong>Sel\u0161ka Sora 3 (revir B)<\/strong>, je od jezu pod Zavrnikom v Selcih (\u0160portni park Rovn) dolvodno do soteske (konjski brod-meja RD \u0160kofja Loka). Pri ribolovu (muharjenje) so dovoljene vse vrste umetnih muh. Isto\u010dasno se lahko lovi samo na eno muho (globug ni dovoljen). Dovoljen je le ribolov brez zalusti . Vsi ostali na\u010dini ribolova in neomenjene vabe so prepovedani! Pribor za odpenjanje trnka je obvezen, priporo\u010da se podmetalka. Ribolov z mostov in brvi ni dovoljen.<br>\u010cas ribolova je od 01.04. do 31.10. V vodi je poto\u010dna postrv, lipan, \u0161arenka in klen.<\/p>\n\n\n\n<figure class=\"wp-block-table\"><table><tbody><tr><td>Vrsta ribe<\/td><td>Lovni \u010das<\/td><td>Minimalna mera<\/td><\/tr><tr><td>Poto\u010dna postrv<\/td><td>01.04 do 30.09<\/td><td>25 cm<\/td><\/tr><tr><td>\u0160arenka<\/td><td>01.04 do 31.10<\/td><td>24 cm<\/td><\/tr><tr><td>Lipan<\/td><td>16.05 do 30.09<\/td><td>30 cm<\/td><\/tr><tr><td>Klen<\/td><td>01.07 do 31.10<\/td><td>30 cm<\/td><\/tr><\/tbody><\/table><\/figure>\n\n\n\n<figure class=\"wp-block-image size-large is-resized\"><img loading=\"lazy\" decoding=\"async\" width=\"996\" height=\"621\" src=\"http:\/\/www.ribiska-druzina-zelezniki.si\/wp\/wp-content\/uploads\/2020\/04\/RevirB-1.jpg\" alt=\"\" class=\"wp-image-131\" style=\"width:996px;height:621px\" srcset=\"https:\/\/www.ribiska-druzina-zelezniki.si\/wp\/wp-content\/uploads\/2020\/04\/RevirB-1.jpg 996w, https:\/\/www.ribiska-druzina-zelezniki.si\/wp\/wp-content\/uploads\/2020\/04\/RevirB-1-300x187.jpg 300w, https:\/\/www.ribiska-druzina-zelezniki.si\/wp\/wp-content\/uploads\/2020\/04\/RevirB-1-768x479.jpg 768w\" sizes=\"auto, (max-width: 996px) 100vw, 996px\" \/><\/figure>\n\n\n\n<p><strong>Cena ribolovnega dne je 60,00\u20ac. Ribolovni re\u017eim UJEMI &#8211; ODNESI. Dovoljen je uplen 3 \u0161arenke.<\/strong><\/p>\n\n\n\n\t<!-- Gallery Engine Assets -->\r\n\t<style>\r\n\t\t#image_gallery_wrap_133 {\r\n            --ig-gutter: 8px;\r\n            --ig-cols-lg: 6;\r\n            --ig-cols-md: 4;\r\n            --ig-cols-sm: 3;\r\n            --ig-cols-xs: 2;\r\n            \r\n            \/* Dynamic Border Variables *\/\r\n                        --ig-radius: 8px;\r\n            --ig-card-radius: 8px;\r\n            --ig-card-padding: 8px;\r\n\r\n\r\n        }\r\n\t<\/style>\r\n        <div id=\"image_gallery_wrap_133\" \r\n        class=\"ig-gallery-outer-wrap ig-layout-masonry\" \r\n        data-layout=\"masonry\" \r\n        data-lb-loop=\"1\" \r\n        data-lb-label=\"Image %1 of %2\"\r\n        data-version=\"2.0.1\">\r\n\r\n    <div id=\"image_gallery_133\" \n         class=\"ig-row igp-gallery all-images_133\">\n        <div class=\"grid-sizer\"><\/div>\n                        <div class=\"ig-col single-image igp-item ig-col-lg-2 ig-col-md-3 ig-col-sm-4 ig-col-xs-6\" data-index=\"0\">\n            <div class=\"ig-image-card igp-card ig-has-card-border hvr-glow\">\n                                    <a class=\"ig-lightbox-item\" href=\"https:\/\/www.ribiska-druzina-zelezniki.si\/wp\/wp-content\/uploads\/2020\/04\/RevirB-1.jpg\" data-lightbox=\"ig-gallery-133\" data-title=\"RevirB-1\" data-width=\"996\" data-height=\"621\">\n                                    \n\n\n                    <div class=\"ig-image-container\">\n                        <img loading=\"lazy\" decoding=\"async\" width=\"150\" height=\"150\" src=\"https:\/\/www.ribiska-druzina-zelezniki.si\/wp\/wp-content\/uploads\/2020\/04\/RevirB-1-150x150.jpg\" class=\"ig-thumbnail loading\" alt=\"RevirB-1\" \/>                        \n                                            <\/div>\n\n\n\n                                    <\/a>\n                            <\/div>\n\n        <\/div>\n                        <div class=\"ig-col single-image igp-item ig-col-lg-2 ig-col-md-3 ig-col-sm-4 ig-col-xs-6\" data-index=\"1\">\n            <div class=\"ig-image-card igp-card ig-has-card-border hvr-glow\">\n                                    <a class=\"ig-lightbox-item\" href=\"https:\/\/www.ribiska-druzina-zelezniki.si\/wp\/wp-content\/uploads\/2020\/04\/Revir_b-1.jpg\" data-lightbox=\"ig-gallery-133\" data-title=\"Revir_b (1)\" data-width=\"1024\" data-height=\"768\">\n                                    \n\n\n                    <div class=\"ig-image-container\">\n                        <img loading=\"lazy\" decoding=\"async\" width=\"150\" height=\"150\" src=\"https:\/\/www.ribiska-druzina-zelezniki.si\/wp\/wp-content\/uploads\/2020\/04\/Revir_b-1-150x150.jpg\" class=\"ig-thumbnail loading\" alt=\"Revir_b (1)\" \/>                        \n                                            <\/div>\n\n\n\n                                    <\/a>\n                            <\/div>\n\n        <\/div>\n                        <div class=\"ig-col single-image igp-item ig-col-lg-2 ig-col-md-3 ig-col-sm-4 ig-col-xs-6\" data-index=\"2\">\n            <div class=\"ig-image-card igp-card ig-has-card-border hvr-glow\">\n                                    <a class=\"ig-lightbox-item\" href=\"https:\/\/www.ribiska-druzina-zelezniki.si\/wp\/wp-content\/uploads\/2020\/04\/Revir_b-2.jpg\" data-lightbox=\"ig-gallery-133\" data-title=\"Revir_b (2)\" data-width=\"1024\" data-height=\"768\">\n                                    \n\n\n                    <div class=\"ig-image-container\">\n                        <img loading=\"lazy\" decoding=\"async\" width=\"150\" height=\"150\" src=\"https:\/\/www.ribiska-druzina-zelezniki.si\/wp\/wp-content\/uploads\/2020\/04\/Revir_b-2-150x150.jpg\" class=\"ig-thumbnail loading\" alt=\"Revir_b (2)\" \/>                        \n                                            <\/div>\n\n\n\n                                    <\/a>\n                            <\/div>\n\n        <\/div>\n                        <div class=\"ig-col single-image igp-item ig-col-lg-2 ig-col-md-3 ig-col-sm-4 ig-col-xs-6\" data-index=\"3\">\n            <div class=\"ig-image-card igp-card ig-has-card-border hvr-glow\">\n                                    <a class=\"ig-lightbox-item\" href=\"https:\/\/www.ribiska-druzina-zelezniki.si\/wp\/wp-content\/uploads\/2020\/04\/Revir_b-3.jpg\" data-lightbox=\"ig-gallery-133\" data-title=\"Revir_b (3)\" data-width=\"1024\" data-height=\"768\">\n                                    \n\n\n                    <div class=\"ig-image-container\">\n                        <img loading=\"lazy\" decoding=\"async\" width=\"150\" height=\"150\" src=\"https:\/\/www.ribiska-druzina-zelezniki.si\/wp\/wp-content\/uploads\/2020\/04\/Revir_b-3-150x150.jpg\" class=\"ig-thumbnail loading\" alt=\"Revir_b (3)\" \/>                        \n                                            <\/div>\n\n\n\n                                    <\/a>\n                            <\/div>\n\n        <\/div>\n                        <div class=\"ig-col single-image igp-item ig-col-lg-2 ig-col-md-3 ig-col-sm-4 ig-col-xs-6\" data-index=\"4\">\n            <div class=\"ig-image-card igp-card ig-has-card-border hvr-glow\">\n                                    <a class=\"ig-lightbox-item\" href=\"https:\/\/www.ribiska-druzina-zelezniki.si\/wp\/wp-content\/uploads\/2020\/04\/Revir_b-4.jpg\" data-lightbox=\"ig-gallery-133\" data-title=\"Revir_b (4)\" data-width=\"1024\" data-height=\"768\">\n                                    \n\n\n                    <div class=\"ig-image-container\">\n                        <img loading=\"lazy\" decoding=\"async\" width=\"150\" height=\"150\" src=\"https:\/\/www.ribiska-druzina-zelezniki.si\/wp\/wp-content\/uploads\/2020\/04\/Revir_b-4-150x150.jpg\" class=\"ig-thumbnail loading\" alt=\"Revir_b (4)\" \/>                        \n                                            <\/div>\n\n\n\n                                    <\/a>\n                            <\/div>\n\n        <\/div>\n                        <div class=\"ig-col single-image igp-item ig-col-lg-2 ig-col-md-3 ig-col-sm-4 ig-col-xs-6\" data-index=\"5\">\n            <div class=\"ig-image-card igp-card ig-has-card-border hvr-glow\">\n                                    <a class=\"ig-lightbox-item\" href=\"https:\/\/www.ribiska-druzina-zelezniki.si\/wp\/wp-content\/uploads\/2020\/04\/Revir_b-5.jpg\" data-lightbox=\"ig-gallery-133\" data-title=\"Revir_b (5)\" data-width=\"1024\" data-height=\"768\">\n                                    \n\n\n                    <div class=\"ig-image-container\">\n                        <img loading=\"lazy\" decoding=\"async\" width=\"150\" height=\"150\" src=\"https:\/\/www.ribiska-druzina-zelezniki.si\/wp\/wp-content\/uploads\/2020\/04\/Revir_b-5-150x150.jpg\" class=\"ig-thumbnail loading\" alt=\"Revir_b (5)\" \/>                        \n                                            <\/div>\n\n\n\n                                    <\/a>\n                            <\/div>\n\n        <\/div>\n                        <div class=\"ig-col single-image igp-item ig-col-lg-2 ig-col-md-3 ig-col-sm-4 ig-col-xs-6\" data-index=\"6\">\n            <div class=\"ig-image-card igp-card ig-has-card-border hvr-glow\">\n                                    <a class=\"ig-lightbox-item\" href=\"https:\/\/www.ribiska-druzina-zelezniki.si\/wp\/wp-content\/uploads\/2020\/04\/Revir_b-6.jpg\" data-lightbox=\"ig-gallery-133\" data-title=\"Revir_b (6)\" data-width=\"1024\" data-height=\"768\">\n                                    \n\n\n                    <div class=\"ig-image-container\">\n                        <img loading=\"lazy\" decoding=\"async\" width=\"150\" height=\"150\" src=\"https:\/\/www.ribiska-druzina-zelezniki.si\/wp\/wp-content\/uploads\/2020\/04\/Revir_b-6-150x150.jpg\" class=\"ig-thumbnail loading\" alt=\"Revir_b (6)\" \/>                        \n                                            <\/div>\n\n\n\n                                    <\/a>\n                            <\/div>\n\n        <\/div>\n                        <div class=\"ig-col single-image igp-item ig-col-lg-2 ig-col-md-3 ig-col-sm-4 ig-col-xs-6\" data-index=\"7\">\n            <div class=\"ig-image-card igp-card ig-has-card-border hvr-glow\">\n                                    <a class=\"ig-lightbox-item\" href=\"https:\/\/www.ribiska-druzina-zelezniki.si\/wp\/wp-content\/uploads\/2020\/04\/Revir_b-7.jpg\" data-lightbox=\"ig-gallery-133\" data-title=\"Revir_b (7)\" data-width=\"1024\" data-height=\"768\">\n                                    \n\n\n                    <div class=\"ig-image-container\">\n                        <img loading=\"lazy\" decoding=\"async\" width=\"150\" height=\"150\" src=\"https:\/\/www.ribiska-druzina-zelezniki.si\/wp\/wp-content\/uploads\/2020\/04\/Revir_b-7-150x150.jpg\" class=\"ig-thumbnail loading\" alt=\"Revir_b (7)\" \/>                        \n                                            <\/div>\n\n\n\n                                    <\/a>\n                            <\/div>\n\n        <\/div>\n                        <div class=\"ig-col single-image igp-item ig-col-lg-2 ig-col-md-3 ig-col-sm-4 ig-col-xs-6\" data-index=\"8\">\n            <div class=\"ig-image-card igp-card ig-has-card-border hvr-glow\">\n                                    <a class=\"ig-lightbox-item\" href=\"https:\/\/www.ribiska-druzina-zelezniki.si\/wp\/wp-content\/uploads\/2020\/04\/Revir_b-8.jpg\" data-lightbox=\"ig-gallery-133\" data-title=\"Revir_b (8)\" data-width=\"1024\" data-height=\"768\">\n                                    \n\n\n                    <div class=\"ig-image-container\">\n                        <img loading=\"lazy\" decoding=\"async\" width=\"150\" height=\"150\" src=\"https:\/\/www.ribiska-druzina-zelezniki.si\/wp\/wp-content\/uploads\/2020\/04\/Revir_b-8-150x150.jpg\" class=\"ig-thumbnail loading\" alt=\"Revir_b (8)\" \/>                        \n                                            <\/div>\n\n\n\n                                    <\/a>\n                            <\/div>\n\n        <\/div>\n                        <div class=\"ig-col single-image igp-item ig-col-lg-2 ig-col-md-3 ig-col-sm-4 ig-col-xs-6\" data-index=\"9\">\n            <div class=\"ig-image-card igp-card ig-has-card-border hvr-glow\">\n                                    <a class=\"ig-lightbox-item\" href=\"https:\/\/www.ribiska-druzina-zelezniki.si\/wp\/wp-content\/uploads\/2020\/04\/Revir_b-9.jpg\" data-lightbox=\"ig-gallery-133\" data-title=\"Revir_b (9)\" data-width=\"1024\" data-height=\"768\">\n                                    \n\n\n                    <div class=\"ig-image-container\">\n                        <img loading=\"lazy\" decoding=\"async\" width=\"150\" height=\"150\" src=\"https:\/\/www.ribiska-druzina-zelezniki.si\/wp\/wp-content\/uploads\/2020\/04\/Revir_b-9-150x150.jpg\" class=\"ig-thumbnail loading\" alt=\"Revir_b (9)\" \/>                        \n                                            <\/div>\n\n\n\n                                    <\/a>\n                            <\/div>\n\n        <\/div>\n                        <div class=\"ig-col single-image igp-item ig-col-lg-2 ig-col-md-3 ig-col-sm-4 ig-col-xs-6\" data-index=\"10\">\n            <div class=\"ig-image-card igp-card ig-has-card-border hvr-glow\">\n                                    <a class=\"ig-lightbox-item\" href=\"https:\/\/www.ribiska-druzina-zelezniki.si\/wp\/wp-content\/uploads\/2020\/04\/Revir_b-10.jpg\" data-lightbox=\"ig-gallery-133\" data-title=\"Revir_b (10)\" data-width=\"1024\" data-height=\"768\">\n                                    \n\n\n                    <div class=\"ig-image-container\">\n                        <img loading=\"lazy\" decoding=\"async\" width=\"150\" height=\"150\" src=\"https:\/\/www.ribiska-druzina-zelezniki.si\/wp\/wp-content\/uploads\/2020\/04\/Revir_b-10-150x150.jpg\" class=\"ig-thumbnail loading\" alt=\"Revir_b (10)\" \/>                        \n                                            <\/div>\n\n\n\n                                    <\/a>\n                            <\/div>\n\n        <\/div>\n                        <div class=\"ig-col single-image igp-item ig-col-lg-2 ig-col-md-3 ig-col-sm-4 ig-col-xs-6\" data-index=\"11\">\n            <div class=\"ig-image-card igp-card ig-has-card-border hvr-glow\">\n                                    <a class=\"ig-lightbox-item\" href=\"https:\/\/www.ribiska-druzina-zelezniki.si\/wp\/wp-content\/uploads\/2020\/04\/Revir_b-11.jpg\" data-lightbox=\"ig-gallery-133\" data-title=\"Revir_b (11)\" data-width=\"1024\" data-height=\"768\">\n                                    \n\n\n                    <div class=\"ig-image-container\">\n                        <img loading=\"lazy\" decoding=\"async\" width=\"150\" height=\"150\" src=\"https:\/\/www.ribiska-druzina-zelezniki.si\/wp\/wp-content\/uploads\/2020\/04\/Revir_b-11-150x150.jpg\" class=\"ig-thumbnail loading\" alt=\"Revir_b (11)\" \/>                        \n                                            <\/div>\n\n\n\n                                    <\/a>\n                            <\/div>\n\n        <\/div>\n            <\/div>\n\n\n\n        <\/div>\n\n\n\n<p><\/p>\n","protected":false},"excerpt":{"rendered":"<p>Sel\u0161ka Sora 3 (revir B), je od jezu pod Zavrnikom v Selcih (\u0160portni park Rovn) dolvodno do soteske (konjski brod-meja RD \u0160kofja Loka). Pri ribolovu (muharjenje) so dovoljene vse vrste umetnih muh. Isto\u010dasno se lahko lovi samo na eno muho (globug ni dovoljen). Dovoljen je le ribolov brez zalusti . Vsi ostali na\u010dini ribolova in [&hellip;]<\/p>\n","protected":false},"author":1,"featured_media":0,"parent":22,"menu_order":0,"comment_status":"closed","ping_status":"closed","template":"","meta":{"protect_children":false,"ngg_post_thumbnail":0,"footnotes":""},"class_list":["post-104","page","type-page","status-publish","hentry"],"yoast_head":"<!-- This site is optimized with the Yoast SEO plugin v27.5 - https:\/\/yoast.com\/product\/yoast-seo-wordpress\/ -->\n<title>Revir B - Ribi&scaron;ka dru\u017eina \u017delezniki<\/title>\n<meta name=\"robots\" content=\"index, follow, max-snippet:-1, max-image-preview:large, max-video-preview:-1\" \/>\n<link rel=\"canonical\" href=\"https:\/\/www.ribiska-druzina-zelezniki.si\/wp\/?page_id=104\" \/>\n<meta property=\"og:locale\" content=\"sl_SI\" \/>\n<meta property=\"og:type\" content=\"article\" \/>\n<meta property=\"og:title\" content=\"Revir B - Ribi&scaron;ka dru\u017eina \u017delezniki\" \/>\n<meta property=\"og:description\" content=\"Sel\u0161ka Sora 3 (revir B), je od jezu pod Zavrnikom v Selcih (\u0160portni park Rovn) dolvodno do soteske (konjski brod-meja RD \u0160kofja Loka). Pri ribolovu (muharjenje) so dovoljene vse vrste umetnih muh. Isto\u010dasno se lahko lovi samo na eno muho (globug ni dovoljen). Dovoljen je le ribolov brez zalusti . Vsi ostali na\u010dini ribolova in [&hellip;]\" \/>\n<meta property=\"og:url\" content=\"https:\/\/www.ribiska-druzina-zelezniki.si\/wp\/?page_id=104\" \/>\n<meta property=\"og:site_name\" content=\"Ribi&scaron;ka dru\u017eina \u017delezniki\" \/>\n<meta property=\"article:modified_time\" content=\"2025-07-16T16:32:26+00:00\" \/>\n<meta property=\"og:image\" content=\"https:\/\/www.ribiska-druzina-zelezniki.si\/wp\/wp-content\/uploads\/2020\/04\/RevirB-1.jpg\" \/>\n\t<meta property=\"og:image:width\" content=\"996\" \/>\n\t<meta property=\"og:image:height\" content=\"621\" \/>\n\t<meta property=\"og:image:type\" content=\"image\/jpeg\" \/>\n<meta name=\"twitter:card\" content=\"summary_large_image\" \/>\n<meta name=\"twitter:label1\" content=\"Est. reading time\" \/>\n\t<meta name=\"twitter:data1\" content=\"1 minuta\" \/>\n<script type=\"application\/ld+json\" class=\"yoast-schema-graph\">{\"@context\":\"https:\\\/\\\/schema.org\",\"@graph\":[{\"@type\":\"WebPage\",\"@id\":\"https:\\\/\\\/www.ribiska-druzina-zelezniki.si\\\/wp\\\/?page_id=104\",\"url\":\"https:\\\/\\\/www.ribiska-druzina-zelezniki.si\\\/wp\\\/?page_id=104\",\"name\":\"Revir B - Ribi&scaron;ka dru\u017eina \u017delezniki\",\"isPartOf\":{\"@id\":\"https:\\\/\\\/www.ribiska-druzina-zelezniki.si\\\/wp\\\/#website\"},\"primaryImageOfPage\":{\"@id\":\"https:\\\/\\\/www.ribiska-druzina-zelezniki.si\\\/wp\\\/?page_id=104#primaryimage\"},\"image\":{\"@id\":\"https:\\\/\\\/www.ribiska-druzina-zelezniki.si\\\/wp\\\/?page_id=104#primaryimage\"},\"thumbnailUrl\":\"http:\\\/\\\/www.ribiska-druzina-zelezniki.si\\\/wp\\\/wp-content\\\/uploads\\\/2020\\\/04\\\/RevirB-1.jpg\",\"datePublished\":\"2020-04-05T10:54:42+00:00\",\"dateModified\":\"2025-07-16T16:32:26+00:00\",\"breadcrumb\":{\"@id\":\"https:\\\/\\\/www.ribiska-druzina-zelezniki.si\\\/wp\\\/?page_id=104#breadcrumb\"},\"inLanguage\":\"sl-SI\",\"potentialAction\":[{\"@type\":\"ReadAction\",\"target\":[\"https:\\\/\\\/www.ribiska-druzina-zelezniki.si\\\/wp\\\/?page_id=104\"]}]},{\"@type\":\"ImageObject\",\"inLanguage\":\"sl-SI\",\"@id\":\"https:\\\/\\\/www.ribiska-druzina-zelezniki.si\\\/wp\\\/?page_id=104#primaryimage\",\"url\":\"https:\\\/\\\/www.ribiska-druzina-zelezniki.si\\\/wp\\\/wp-content\\\/uploads\\\/2020\\\/04\\\/RevirB-1.jpg\",\"contentUrl\":\"https:\\\/\\\/www.ribiska-druzina-zelezniki.si\\\/wp\\\/wp-content\\\/uploads\\\/2020\\\/04\\\/RevirB-1.jpg\",\"width\":996,\"height\":621},{\"@type\":\"BreadcrumbList\",\"@id\":\"https:\\\/\\\/www.ribiska-druzina-zelezniki.si\\\/wp\\\/?page_id=104#breadcrumb\",\"itemListElement\":[{\"@type\":\"ListItem\",\"position\":1,\"name\":\"Home\",\"item\":\"https:\\\/\\\/www.ribiska-druzina-zelezniki.si\\\/wp\\\/\"},{\"@type\":\"ListItem\",\"position\":2,\"name\":\"Ribolov\",\"item\":\"https:\\\/\\\/www.ribiska-druzina-zelezniki.si\\\/wp\\\/?page_id=22\"},{\"@type\":\"ListItem\",\"position\":3,\"name\":\"Revir B\"}]},{\"@type\":\"WebSite\",\"@id\":\"https:\\\/\\\/www.ribiska-druzina-zelezniki.si\\\/wp\\\/#website\",\"url\":\"https:\\\/\\\/www.ribiska-druzina-zelezniki.si\\\/wp\\\/\",\"name\":\"Ribi\u0161ka dru\u017eina \u017delezniki\",\"description\":\"Ribi&scaron;ka dru\u017eina \u017delezniki\",\"publisher\":{\"@id\":\"https:\\\/\\\/www.ribiska-druzina-zelezniki.si\\\/wp\\\/#organization\"},\"potentialAction\":[{\"@type\":\"SearchAction\",\"target\":{\"@type\":\"EntryPoint\",\"urlTemplate\":\"https:\\\/\\\/www.ribiska-druzina-zelezniki.si\\\/wp\\\/?s={search_term_string}\"},\"query-input\":{\"@type\":\"PropertyValueSpecification\",\"valueRequired\":true,\"valueName\":\"search_term_string\"}}],\"inLanguage\":\"sl-SI\"},{\"@type\":\"Organization\",\"@id\":\"https:\\\/\\\/www.ribiska-druzina-zelezniki.si\\\/wp\\\/#organization\",\"name\":\"Ribi\u0161ka dru\u017eina \u017delezniki\",\"url\":\"https:\\\/\\\/www.ribiska-druzina-zelezniki.si\\\/wp\\\/\",\"logo\":{\"@type\":\"ImageObject\",\"inLanguage\":\"sl-SI\",\"@id\":\"https:\\\/\\\/www.ribiska-druzina-zelezniki.si\\\/wp\\\/#\\\/schema\\\/logo\\\/image\\\/\",\"url\":\"https:\\\/\\\/www.ribiska-druzina-zelezniki.si\\\/wp\\\/wp-content\\\/uploads\\\/2020\\\/04\\\/Logo_RD_50.jpg\",\"contentUrl\":\"https:\\\/\\\/www.ribiska-druzina-zelezniki.si\\\/wp\\\/wp-content\\\/uploads\\\/2020\\\/04\\\/Logo_RD_50.jpg\",\"width\":50,\"height\":50,\"caption\":\"Ribi\u0161ka dru\u017eina \u017delezniki\"},\"image\":{\"@id\":\"https:\\\/\\\/www.ribiska-druzina-zelezniki.si\\\/wp\\\/#\\\/schema\\\/logo\\\/image\\\/\"}}]}<\/script>\n<!-- \/ Yoast SEO plugin. -->","yoast_head_json":{"title":"Revir B - Ribi&scaron;ka dru\u017eina \u017delezniki","robots":{"index":"index","follow":"follow","max-snippet":"max-snippet:-1","max-image-preview":"max-image-preview:large","max-video-preview":"max-video-preview:-1"},"canonical":"https:\/\/www.ribiska-druzina-zelezniki.si\/wp\/?page_id=104","og_locale":"sl_SI","og_type":"article","og_title":"Revir B - Ribi&scaron;ka dru\u017eina \u017delezniki","og_description":"Sel\u0161ka Sora 3 (revir B), je od jezu pod Zavrnikom v Selcih (\u0160portni park Rovn) dolvodno do soteske (konjski brod-meja RD \u0160kofja Loka). Pri ribolovu (muharjenje) so dovoljene vse vrste umetnih muh. Isto\u010dasno se lahko lovi samo na eno muho (globug ni dovoljen). Dovoljen je le ribolov brez zalusti . Vsi ostali na\u010dini ribolova in [&hellip;]","og_url":"https:\/\/www.ribiska-druzina-zelezniki.si\/wp\/?page_id=104","og_site_name":"Ribi&scaron;ka dru\u017eina \u017delezniki","article_modified_time":"2025-07-16T16:32:26+00:00","og_image":[{"width":996,"height":621,"url":"https:\/\/www.ribiska-druzina-zelezniki.si\/wp\/wp-content\/uploads\/2020\/04\/RevirB-1.jpg","type":"image\/jpeg"}],"twitter_card":"summary_large_image","twitter_misc":{"Est. reading time":"1 minuta"},"schema":{"@context":"https:\/\/schema.org","@graph":[{"@type":"WebPage","@id":"https:\/\/www.ribiska-druzina-zelezniki.si\/wp\/?page_id=104","url":"https:\/\/www.ribiska-druzina-zelezniki.si\/wp\/?page_id=104","name":"Revir B - Ribi&scaron;ka dru\u017eina \u017delezniki","isPartOf":{"@id":"https:\/\/www.ribiska-druzina-zelezniki.si\/wp\/#website"},"primaryImageOfPage":{"@id":"https:\/\/www.ribiska-druzina-zelezniki.si\/wp\/?page_id=104#primaryimage"},"image":{"@id":"https:\/\/www.ribiska-druzina-zelezniki.si\/wp\/?page_id=104#primaryimage"},"thumbnailUrl":"http:\/\/www.ribiska-druzina-zelezniki.si\/wp\/wp-content\/uploads\/2020\/04\/RevirB-1.jpg","datePublished":"2020-04-05T10:54:42+00:00","dateModified":"2025-07-16T16:32:26+00:00","breadcrumb":{"@id":"https:\/\/www.ribiska-druzina-zelezniki.si\/wp\/?page_id=104#breadcrumb"},"inLanguage":"sl-SI","potentialAction":[{"@type":"ReadAction","target":["https:\/\/www.ribiska-druzina-zelezniki.si\/wp\/?page_id=104"]}]},{"@type":"ImageObject","inLanguage":"sl-SI","@id":"https:\/\/www.ribiska-druzina-zelezniki.si\/wp\/?page_id=104#primaryimage","url":"https:\/\/www.ribiska-druzina-zelezniki.si\/wp\/wp-content\/uploads\/2020\/04\/RevirB-1.jpg","contentUrl":"https:\/\/www.ribiska-druzina-zelezniki.si\/wp\/wp-content\/uploads\/2020\/04\/RevirB-1.jpg","width":996,"height":621},{"@type":"BreadcrumbList","@id":"https:\/\/www.ribiska-druzina-zelezniki.si\/wp\/?page_id=104#breadcrumb","itemListElement":[{"@type":"ListItem","position":1,"name":"Home","item":"https:\/\/www.ribiska-druzina-zelezniki.si\/wp\/"},{"@type":"ListItem","position":2,"name":"Ribolov","item":"https:\/\/www.ribiska-druzina-zelezniki.si\/wp\/?page_id=22"},{"@type":"ListItem","position":3,"name":"Revir B"}]},{"@type":"WebSite","@id":"https:\/\/www.ribiska-druzina-zelezniki.si\/wp\/#website","url":"https:\/\/www.ribiska-druzina-zelezniki.si\/wp\/","name":"Ribi\u0161ka dru\u017eina \u017delezniki","description":"Ribi&scaron;ka dru\u017eina \u017delezniki","publisher":{"@id":"https:\/\/www.ribiska-druzina-zelezniki.si\/wp\/#organization"},"potentialAction":[{"@type":"SearchAction","target":{"@type":"EntryPoint","urlTemplate":"https:\/\/www.ribiska-druzina-zelezniki.si\/wp\/?s={search_term_string}"},"query-input":{"@type":"PropertyValueSpecification","valueRequired":true,"valueName":"search_term_string"}}],"inLanguage":"sl-SI"},{"@type":"Organization","@id":"https:\/\/www.ribiska-druzina-zelezniki.si\/wp\/#organization","name":"Ribi\u0161ka dru\u017eina \u017delezniki","url":"https:\/\/www.ribiska-druzina-zelezniki.si\/wp\/","logo":{"@type":"ImageObject","inLanguage":"sl-SI","@id":"https:\/\/www.ribiska-druzina-zelezniki.si\/wp\/#\/schema\/logo\/image\/","url":"https:\/\/www.ribiska-druzina-zelezniki.si\/wp\/wp-content\/uploads\/2020\/04\/Logo_RD_50.jpg","contentUrl":"https:\/\/www.ribiska-druzina-zelezniki.si\/wp\/wp-content\/uploads\/2020\/04\/Logo_RD_50.jpg","width":50,"height":50,"caption":"Ribi\u0161ka dru\u017eina \u017delezniki"},"image":{"@id":"https:\/\/www.ribiska-druzina-zelezniki.si\/wp\/#\/schema\/logo\/image\/"}}]}},"_links":{"self":[{"href":"https:\/\/www.ribiska-druzina-zelezniki.si\/wp\/index.php?rest_route=\/wp\/v2\/pages\/104","targetHints":{"allow":["GET"]}}],"collection":[{"href":"https:\/\/www.ribiska-druzina-zelezniki.si\/wp\/index.php?rest_route=\/wp\/v2\/pages"}],"about":[{"href":"https:\/\/www.ribiska-druzina-zelezniki.si\/wp\/index.php?rest_route=\/wp\/v2\/types\/page"}],"author":[{"embeddable":true,"href":"https:\/\/www.ribiska-druzina-zelezniki.si\/wp\/index.php?rest_route=\/wp\/v2\/users\/1"}],"replies":[{"embeddable":true,"href":"https:\/\/www.ribiska-druzina-zelezniki.si\/wp\/index.php?rest_route=%2Fwp%2Fv2%2Fcomments&post=104"}],"version-history":[{"count":9,"href":"https:\/\/www.ribiska-druzina-zelezniki.si\/wp\/index.php?rest_route=\/wp\/v2\/pages\/104\/revisions"}],"predecessor-version":[{"id":863,"href":"https:\/\/www.ribiska-druzina-zelezniki.si\/wp\/index.php?rest_route=\/wp\/v2\/pages\/104\/revisions\/863"}],"up":[{"embeddable":true,"href":"https:\/\/www.ribiska-druzina-zelezniki.si\/wp\/index.php?rest_route=\/wp\/v2\/pages\/22"}],"wp:attachment":[{"href":"https:\/\/www.ribiska-druzina-zelezniki.si\/wp\/index.php?rest_route=%2Fwp%2Fv2%2Fmedia&parent=104"}],"curies":[{"name":"wp","href":"https:\/\/api.w.org\/{rel}","templated":true}]}}